{"id":84155,"date":"2023-12-20T12:16:26","date_gmt":"2023-12-20T12:16:26","guid":{"rendered":"https:\/\/museoscienze.vda.it\/accessibilita-e-meccanismo-di-feedback\/"},"modified":"2025-11-04T09:26:00","modified_gmt":"2025-11-04T09:26:00","slug":"accessibilita-e-meccanismo-di-feedback","status":"publish","type":"page","link":"https:\/\/museoscienze.vda.it\/fr\/accessibilita-e-meccanismo-di-feedback\/","title":{"rendered":"Accessibilit\u00e9 et m\u00e9canisme de r\u00e9troaction"},"content":{"rendered":"\n<p>Pour les probl\u00e8mes d&rsquo;accessibilit\u00e9, contacter: accessibilita@regione.vda.it<\/p>\n\n\n\n<p>Veuillez contacter le plus rapidement possible pour r\u00e9soudre le probl\u00e8me.<\/p>\n\n\n\n<ul class=\"wp-block-list\">\n<li><a href=\"https:\/\/form.agid.gov.it\/view\/f8a49080-97b3-11f0-8f5b-b5b1d820a128\">D\u00e9finition de l&rsquo;accessibilit\u00e9<\/a><\/li>\n<\/ul>\n\n\n\n<div style=\"height:100px\" aria-hidden=\"true\" class=\"wp-block-spacer\"><\/div>\n\n\n\n<p class=\"has-text-align-center\" style=\"text-transform:uppercase\">Cliquez ici <a href=\"https:\/\/museoscienze.vda.it\/fr\/meccanismo-di-feedback\/\" data-type=\"page\" data-id=\"4979\">pour signaler<\/a><strong> <\/strong>les probl\u00e8mes avec le portail<\/p>\n\n\n\n<div style=\"height:100px\" aria-hidden=\"true\" class=\"wp-block-spacer\"><\/div>\n","protected":false},"excerpt":{"rendered":"<p>Pour les probl\u00e8mes d&rsquo;accessibilit\u00e9, contacter: accessibilita@regione.vda.it Veuillez contacter le plus rapidement possible pour r\u00e9soudre le probl\u00e8me. Cliquez ici pour signaler les probl\u00e8mes avec le portail<\/p>\n","protected":false},"author":3,"featured_media":0,"parent":0,"menu_order":0,"comment_status":"closed","ping_status":"closed","template":"","meta":{"_acf_changed":false,"footnotes":""},"class_list":["post-84155","page","type-page","status-publish","hentry"],"acf":[],"yoast_head":"<!-- This site is optimized with the Yoast SEO plugin v26.8 - https:\/\/yoast.com\/product\/yoast-seo-wordpress\/ -->\n<title>Accessibilit\u00e9 et m\u00e9canisme de r\u00e9troaction - Museo Regionale di Scienze Naturali Efisio Noussan<\/title>\n<meta name=\"robots\" content=\"index, follow, max-snippet:-1, max-image-preview:large, max-video-preview:-1\" \/>\n<link rel=\"canonical\" href=\"https:\/\/museoscienze.vda.it\/fr\/accessibilita-e-meccanismo-di-feedback\/\" \/>\n<meta property=\"og:locale\" content=\"fr_FR\" \/>\n<meta property=\"og:type\" content=\"article\" \/>\n<meta property=\"og:title\" content=\"Accessibilit\u00e9 et m\u00e9canisme de r\u00e9troaction - Museo Regionale di Scienze Naturali Efisio Noussan\" \/>\n<meta property=\"og:description\" content=\"Pour les probl\u00e8mes d&rsquo;accessibilit\u00e9, contacter: accessibilita@regione.vda.it Veuillez contacter le plus rapidement possible pour r\u00e9soudre le probl\u00e8me. Cliquez ici pour signaler les probl\u00e8mes avec le portail\" \/>\n<meta property=\"og:url\" content=\"https:\/\/museoscienze.vda.it\/fr\/accessibilita-e-meccanismo-di-feedback\/\" \/>\n<meta property=\"og:site_name\" content=\"Museo Regionale di Scienze Naturali Efisio Noussan\" \/>\n<meta property=\"article:modified_time\" content=\"2025-11-04T09:26:00+00:00\" \/>\n<meta name=\"twitter:card\" content=\"summary_large_image\" \/>\n<script type=\"application\/ld+json\" class=\"yoast-schema-graph\">{\"@context\":\"https:\/\/schema.org\",\"@graph\":[{\"@type\":\"WebPage\",\"@id\":\"https:\/\/museoscienze.vda.it\/fr\/accessibilita-e-meccanismo-di-feedback\/\",\"url\":\"https:\/\/museoscienze.vda.it\/fr\/accessibilita-e-meccanismo-di-feedback\/\",\"name\":\"Accessibilit\u00e9 et m\u00e9canisme de r\u00e9troaction - Museo Regionale di Scienze Naturali Efisio Noussan\",\"isPartOf\":{\"@id\":\"https:\/\/museoscienze.vda.it\/#website\"},\"datePublished\":\"2023-12-20T12:16:26+00:00\",\"dateModified\":\"2025-11-04T09:26:00+00:00\",\"breadcrumb\":{\"@id\":\"https:\/\/museoscienze.vda.it\/fr\/accessibilita-e-meccanismo-di-feedback\/#breadcrumb\"},\"inLanguage\":\"fr-FR\",\"potentialAction\":[{\"@type\":\"ReadAction\",\"target\":[\"https:\/\/museoscienze.vda.it\/fr\/accessibilita-e-meccanismo-di-feedback\/\"]}]},{\"@type\":\"BreadcrumbList\",\"@id\":\"https:\/\/museoscienze.vda.it\/fr\/accessibilita-e-meccanismo-di-feedback\/#breadcrumb\",\"itemListElement\":[{\"@type\":\"ListItem\",\"position\":1,\"name\":\"Home\",\"item\":\"https:\/\/museoscienze.vda.it\/fr\/\"},{\"@type\":\"ListItem\",\"position\":2,\"name\":\"Accessibilit\u00e9 et m\u00e9canisme de r\u00e9troaction\"}]},{\"@type\":\"WebSite\",\"@id\":\"https:\/\/museoscienze.vda.it\/#website\",\"url\":\"https:\/\/museoscienze.vda.it\/\",\"name\":\"Museo Regionale di Scienze Naturali Efisio Noussan\",\"description\":\"\",\"publisher\":{\"@id\":\"https:\/\/museoscienze.vda.it\/#organization\"},\"potentialAction\":[{\"@type\":\"SearchAction\",\"target\":{\"@type\":\"EntryPoint\",\"urlTemplate\":\"https:\/\/museoscienze.vda.it\/?s={search_term_string}\"},\"query-input\":{\"@type\":\"PropertyValueSpecification\",\"valueRequired\":true,\"valueName\":\"search_term_string\"}}],\"inLanguage\":\"fr-FR\"},{\"@type\":\"Organization\",\"@id\":\"https:\/\/museoscienze.vda.it\/#organization\",\"name\":\"Museo Regionale di Scienze Naturali Efisio Noussan\",\"url\":\"https:\/\/museoscienze.vda.it\/\",\"logo\":{\"@type\":\"ImageObject\",\"inLanguage\":\"fr-FR\",\"@id\":\"https:\/\/museoscienze.vda.it\/#\/schema\/logo\/image\/\",\"url\":\"https:\/\/museoscienze.vda.it\/wp-content\/uploads\/2023\/09\/logo_MuseoScienzeVDA_completo_rva.png\",\"contentUrl\":\"https:\/\/museoscienze.vda.it\/wp-content\/uploads\/2023\/09\/logo_MuseoScienzeVDA_completo_rva.png\",\"width\":1692,\"height\":646,\"caption\":\"Museo Regionale di Scienze Naturali Efisio Noussan\"},\"image\":{\"@id\":\"https:\/\/museoscienze.vda.it\/#\/schema\/logo\/image\/\"}}]}<\/script>\n<!-- \/ Yoast SEO plugin. -->","yoast_head_json":{"title":"Accessibilit\u00e9 et m\u00e9canisme de r\u00e9troaction - Museo Regionale di Scienze Naturali Efisio Noussan","robots":{"index":"index","follow":"follow","max-snippet":"max-snippet:-1","max-image-preview":"max-image-preview:large","max-video-preview":"max-video-preview:-1"},"canonical":"https:\/\/museoscienze.vda.it\/fr\/accessibilita-e-meccanismo-di-feedback\/","og_locale":"fr_FR","og_type":"article","og_title":"Accessibilit\u00e9 et m\u00e9canisme de r\u00e9troaction - Museo Regionale di Scienze Naturali Efisio Noussan","og_description":"Pour les probl\u00e8mes d&rsquo;accessibilit\u00e9, contacter: accessibilita@regione.vda.it Veuillez contacter le plus rapidement possible pour r\u00e9soudre le probl\u00e8me. Cliquez ici pour signaler les probl\u00e8mes avec le portail","og_url":"https:\/\/museoscienze.vda.it\/fr\/accessibilita-e-meccanismo-di-feedback\/","og_site_name":"Museo Regionale di Scienze Naturali Efisio Noussan","article_modified_time":"2025-11-04T09:26:00+00:00","twitter_card":"summary_large_image","schema":{"@context":"https:\/\/schema.org","@graph":[{"@type":"WebPage","@id":"https:\/\/museoscienze.vda.it\/fr\/accessibilita-e-meccanismo-di-feedback\/","url":"https:\/\/museoscienze.vda.it\/fr\/accessibilita-e-meccanismo-di-feedback\/","name":"Accessibilit\u00e9 et m\u00e9canisme de r\u00e9troaction - Museo Regionale di Scienze Naturali Efisio Noussan","isPartOf":{"@id":"https:\/\/museoscienze.vda.it\/#website"},"datePublished":"2023-12-20T12:16:26+00:00","dateModified":"2025-11-04T09:26:00+00:00","breadcrumb":{"@id":"https:\/\/museoscienze.vda.it\/fr\/accessibilita-e-meccanismo-di-feedback\/#breadcrumb"},"inLanguage":"fr-FR","potentialAction":[{"@type":"ReadAction","target":["https:\/\/museoscienze.vda.it\/fr\/accessibilita-e-meccanismo-di-feedback\/"]}]},{"@type":"BreadcrumbList","@id":"https:\/\/museoscienze.vda.it\/fr\/accessibilita-e-meccanismo-di-feedback\/#breadcrumb","itemListElement":[{"@type":"ListItem","position":1,"name":"Home","item":"https:\/\/museoscienze.vda.it\/fr\/"},{"@type":"ListItem","position":2,"name":"Accessibilit\u00e9 et m\u00e9canisme de r\u00e9troaction"}]},{"@type":"WebSite","@id":"https:\/\/museoscienze.vda.it\/#website","url":"https:\/\/museoscienze.vda.it\/","name":"Museo Regionale di Scienze Naturali Efisio Noussan","description":"","publisher":{"@id":"https:\/\/museoscienze.vda.it\/#organization"},"potentialAction":[{"@type":"SearchAction","target":{"@type":"EntryPoint","urlTemplate":"https:\/\/museoscienze.vda.it\/?s={search_term_string}"},"query-input":{"@type":"PropertyValueSpecification","valueRequired":true,"valueName":"search_term_string"}}],"inLanguage":"fr-FR"},{"@type":"Organization","@id":"https:\/\/museoscienze.vda.it\/#organization","name":"Museo Regionale di Scienze Naturali Efisio Noussan","url":"https:\/\/museoscienze.vda.it\/","logo":{"@type":"ImageObject","inLanguage":"fr-FR","@id":"https:\/\/museoscienze.vda.it\/#\/schema\/logo\/image\/","url":"https:\/\/museoscienze.vda.it\/wp-content\/uploads\/2023\/09\/logo_MuseoScienzeVDA_completo_rva.png","contentUrl":"https:\/\/museoscienze.vda.it\/wp-content\/uploads\/2023\/09\/logo_MuseoScienzeVDA_completo_rva.png","width":1692,"height":646,"caption":"Museo Regionale di Scienze Naturali Efisio Noussan"},"image":{"@id":"https:\/\/museoscienze.vda.it\/#\/schema\/logo\/image\/"}}]}},"_links":{"self":[{"href":"https:\/\/museoscienze.vda.it\/fr\/wp-json\/wp\/v2\/pages\/84155","targetHints":{"allow":["GET"]}}],"collection":[{"href":"https:\/\/museoscienze.vda.it\/fr\/wp-json\/wp\/v2\/pages"}],"about":[{"href":"https:\/\/museoscienze.vda.it\/fr\/wp-json\/wp\/v2\/types\/page"}],"author":[{"embeddable":true,"href":"https:\/\/museoscienze.vda.it\/fr\/wp-json\/wp\/v2\/users\/3"}],"replies":[{"embeddable":true,"href":"https:\/\/museoscienze.vda.it\/fr\/wp-json\/wp\/v2\/comments?post=84155"}],"version-history":[{"count":2,"href":"https:\/\/museoscienze.vda.it\/fr\/wp-json\/wp\/v2\/pages\/84155\/revisions"}],"predecessor-version":[{"id":84164,"href":"https:\/\/museoscienze.vda.it\/fr\/wp-json\/wp\/v2\/pages\/84155\/revisions\/84164"}],"wp:attachment":[{"href":"https:\/\/museoscienze.vda.it\/fr\/wp-json\/wp\/v2\/media?parent=84155"}],"curies":[{"name":"wp","href":"https:\/\/api.w.org\/{rel}","templated":true}]}}