{"id":84153,"date":"2023-12-20T11:56:40","date_gmt":"2023-12-20T11:56:40","guid":{"rendered":"https:\/\/museoscienze.vda.it\/meccanismo-di-feedback\/"},"modified":"2025-11-04T10:08:33","modified_gmt":"2025-11-04T10:08:33","slug":"meccanismo-di-feedback","status":"publish","type":"page","link":"https:\/\/museoscienze.vda.it\/fr\/meccanismo-di-feedback\/","title":{"rendered":"M\u00e9canisme de r\u00e9troaction"},"content":{"rendered":"\n<div class=\"wp-block-group has-global-padding is-layout-constrained wp-container-core-group-is-layout-1 wp-block-group-is-layout-constrained\">\n<h2 class=\"wp-block-heading has-text-align-center\">Signaler un probl\u00e8me avec le portail<\/h2>\n\n\n\n<p>Veuillez utiliser ce formulaire pour signaler un probl\u00e8me sur le site, un contenu inaccessible ou obsol\u00e8te, ou pour sugg\u00e9rer des am\u00e9liorations.<\/p>\n\n\n\n<p>Les donn\u00e9es collect\u00e9es ne seront en aucun cas communiqu\u00e9es \u00e0 des tiers.<\/p>\n\n\n\n<div class=\"wpcf7 no-js\" id=\"wpcf7-f84172-o1\" lang=\"fr-FR\" dir=\"ltr\" data-wpcf7-id=\"84172\">\n<div class=\"screen-reader-response\"><p role=\"status\" aria-live=\"polite\" aria-atomic=\"true\"><\/p> <ul><\/ul><\/div>\n<form action=\"\/fr\/wp-json\/wp\/v2\/pages\/84153#wpcf7-f84172-o1\" method=\"post\" class=\"wpcf7-form init\" aria-label=\"Formulaire de contact\" novalidate=\"novalidate\" data-status=\"init\">\n<fieldset class=\"hidden-fields-container\"><input type=\"hidden\" name=\"_wpcf7\" value=\"84172\" \/><input type=\"hidden\" name=\"_wpcf7_version\" value=\"6.1.3\" \/><input type=\"hidden\" name=\"_wpcf7_locale\" value=\"fr_FR\" \/><input type=\"hidden\" name=\"_wpcf7_unit_tag\" value=\"wpcf7-f84172-o1\" \/><input type=\"hidden\" name=\"_wpcf7_container_post\" value=\"0\" \/><input type=\"hidden\" name=\"_wpcf7_posted_data_hash\" value=\"\" \/>\n<\/fieldset>\n<div class=\"wpcf7-turnstile cf-turnstile\" data-sitekey=\"0x4AAAAAAB-9SGDPjnjXiUuE\" data-response-field-name=\"_wpcf7_turnstile_response\"><\/div>\n\n<p><span class=\"wpcf7-form-control-wrap\" data-name=\"valutazione-817\"><select class=\"wpcf7-form-control wpcf7-select\" aria-invalid=\"false\" name=\"valutazione-817\"><option value=\"\">Avez-vous \u00e9t\u00e9 satisfait(e) de votre visite sur le site ?<\/option><option value=\"Pas du tout\">Pas du tout<\/option><option value=\"Un peu\">Un peu<\/option><option value=\"Moyennement\">Moyennement<\/option><option value=\"Beaucoup\">Beaucoup<\/option><\/select><\/span>\n<\/p>\n<p><span class=\"wpcf7-form-control-wrap\" data-name=\"problema-571\"><select class=\"wpcf7-form-control wpcf7-select\" aria-invalid=\"false\" name=\"problema-571\"><option value=\"\">Quel type de probl\u00e8me avez-vous rencontr\u00e9 ?<\/option><option value=\"Il y a du contenu inaccessible\">Il y a du contenu inaccessible<\/option><option value=\"Le contenu n&#039;est pas pertinent\">Le contenu n&#039;est pas pertinent<\/option><option value=\"Le langage n&#039;est pas facile \u00e0 comprendre\">Le langage n&#039;est pas facile \u00e0 comprendre<\/option><option value=\"Les informations ne sont pas \u00e0 jour\">Les informations ne sont pas \u00e0 jour<\/option><\/select><\/span>\n<\/p>\n<p><span class=\"wpcf7-form-control-wrap\" data-name=\"descrizione-39\"><textarea cols=\"40\" rows=\"10\" maxlength=\"200\" class=\"wpcf7-form-control wpcf7-textarea wpcf7-validates-as-required\" aria-required=\"true\" aria-invalid=\"false\" name=\"descrizione-39\"><\/textarea><\/span>\n<\/p>\n<p><span class=\"wpcf7-form-control-wrap\" data-name=\"url-56\"><input size=\"40\" maxlength=\"400\" class=\"wpcf7-form-control wpcf7-url wpcf7-validates-as-required wpcf7-text wpcf7-validates-as-url\" aria-required=\"true\" aria-invalid=\"false\" placeholder=\"Saisissez le lien vers une page o\u00f9 le probl\u00e8me se manifeste\" value=\"\" type=\"url\" name=\"url-56\" \/><\/span>\n<\/p>\n<p>Informations sur le contexte d'utilisation du site\n<\/p>\n<p><span class=\"wpcf7-form-control-wrap\" data-name=\"browser-614\"><input size=\"40\" maxlength=\"400\" class=\"wpcf7-form-control wpcf7-text\" aria-invalid=\"false\" placeholder=\"Saisissez le navigateur et le syst\u00e8me d&#039;exploitation que vous utilisez\" value=\"\" type=\"text\" name=\"browser-614\" \/><\/span>\n<\/p>\n<p><span class=\"wpcf7-form-control-wrap\" data-name=\"email-477\"><input size=\"40\" maxlength=\"400\" class=\"wpcf7-form-control wpcf7-email wpcf7-text wpcf7-validates-as-email\" aria-invalid=\"false\" placeholder=\"Saisissez votre adresse e-mail\" value=\"\" type=\"email\" name=\"email-477\" \/><\/span>\n<\/p>\n<p><small>Votre adresse ne sera partag\u00e9e avec personne et sert \u00e0 pouvoir vous fournir une \u00e9ventuelle r\u00e9ponse personnalis\u00e9e<\/small>\n<\/p>\n<p><input class=\"wpcf7-form-control wpcf7-submit has-spinner\" type=\"submit\" value=\"Envoyer\" \/>\n<\/p><div class=\"wpcf7-response-output\" aria-hidden=\"true\"><\/div>\n<\/form>\n<\/div>\n\n<\/div>\n","protected":false},"excerpt":{"rendered":"<p>Signaler un probl\u00e8me avec le portail Veuillez utiliser ce formulaire pour signaler un probl\u00e8me sur le site, un contenu inaccessible ou obsol\u00e8te, ou pour sugg\u00e9rer des am\u00e9liorations. Les donn\u00e9es collect\u00e9es ne seront en aucun cas communiqu\u00e9es \u00e0 des tiers.<\/p>\n","protected":false},"author":4,"featured_media":0,"parent":0,"menu_order":0,"comment_status":"closed","ping_status":"closed","template":"","meta":{"_acf_changed":false,"footnotes":""},"class_list":["post-84153","page","type-page","status-publish","hentry"],"acf":[],"yoast_head":"<!-- This site is optimized with the Yoast SEO plugin v26.8 - https:\/\/yoast.com\/product\/yoast-seo-wordpress\/ -->\n<title>M\u00e9canisme de r\u00e9troaction - Museo Regionale di Scienze Naturali Efisio Noussan<\/title>\n<meta name=\"robots\" content=\"index, follow, max-snippet:-1, max-image-preview:large, max-video-preview:-1\" \/>\n<link rel=\"canonical\" href=\"https:\/\/museoscienze.vda.it\/fr\/meccanismo-di-feedback\/\" \/>\n<meta property=\"og:locale\" content=\"fr_FR\" \/>\n<meta property=\"og:type\" content=\"article\" \/>\n<meta property=\"og:title\" content=\"M\u00e9canisme de r\u00e9troaction - Museo Regionale di Scienze Naturali Efisio Noussan\" \/>\n<meta property=\"og:description\" content=\"Signaler un probl\u00e8me avec le portail Veuillez utiliser ce formulaire pour signaler un probl\u00e8me sur le site, un contenu inaccessible ou obsol\u00e8te, ou pour sugg\u00e9rer des am\u00e9liorations. Les donn\u00e9es collect\u00e9es ne seront en aucun cas communiqu\u00e9es \u00e0 des tiers.\" \/>\n<meta property=\"og:url\" content=\"https:\/\/museoscienze.vda.it\/fr\/meccanismo-di-feedback\/\" \/>\n<meta property=\"og:site_name\" content=\"Museo Regionale di Scienze Naturali Efisio Noussan\" \/>\n<meta property=\"article:modified_time\" content=\"2025-11-04T10:08:33+00:00\" \/>\n<meta name=\"twitter:card\" content=\"summary_large_image\" \/>\n<script type=\"application\/ld+json\" class=\"yoast-schema-graph\">{\"@context\":\"https:\/\/schema.org\",\"@graph\":[{\"@type\":\"WebPage\",\"@id\":\"https:\/\/museoscienze.vda.it\/fr\/meccanismo-di-feedback\/\",\"url\":\"https:\/\/museoscienze.vda.it\/fr\/meccanismo-di-feedback\/\",\"name\":\"M\u00e9canisme de r\u00e9troaction - Museo Regionale di Scienze Naturali Efisio Noussan\",\"isPartOf\":{\"@id\":\"https:\/\/museoscienze.vda.it\/#website\"},\"datePublished\":\"2023-12-20T11:56:40+00:00\",\"dateModified\":\"2025-11-04T10:08:33+00:00\",\"breadcrumb\":{\"@id\":\"https:\/\/museoscienze.vda.it\/fr\/meccanismo-di-feedback\/#breadcrumb\"},\"inLanguage\":\"fr-FR\",\"potentialAction\":[{\"@type\":\"ReadAction\",\"target\":[\"https:\/\/museoscienze.vda.it\/fr\/meccanismo-di-feedback\/\"]}]},{\"@type\":\"BreadcrumbList\",\"@id\":\"https:\/\/museoscienze.vda.it\/fr\/meccanismo-di-feedback\/#breadcrumb\",\"itemListElement\":[{\"@type\":\"ListItem\",\"position\":1,\"name\":\"Home\",\"item\":\"https:\/\/museoscienze.vda.it\/fr\/\"},{\"@type\":\"ListItem\",\"position\":2,\"name\":\"M\u00e9canisme de r\u00e9troaction\"}]},{\"@type\":\"WebSite\",\"@id\":\"https:\/\/museoscienze.vda.it\/#website\",\"url\":\"https:\/\/museoscienze.vda.it\/\",\"name\":\"Museo Regionale di Scienze Naturali Efisio Noussan\",\"description\":\"\",\"publisher\":{\"@id\":\"https:\/\/museoscienze.vda.it\/#organization\"},\"potentialAction\":[{\"@type\":\"SearchAction\",\"target\":{\"@type\":\"EntryPoint\",\"urlTemplate\":\"https:\/\/museoscienze.vda.it\/?s={search_term_string}\"},\"query-input\":{\"@type\":\"PropertyValueSpecification\",\"valueRequired\":true,\"valueName\":\"search_term_string\"}}],\"inLanguage\":\"fr-FR\"},{\"@type\":\"Organization\",\"@id\":\"https:\/\/museoscienze.vda.it\/#organization\",\"name\":\"Museo Regionale di Scienze Naturali Efisio Noussan\",\"url\":\"https:\/\/museoscienze.vda.it\/\",\"logo\":{\"@type\":\"ImageObject\",\"inLanguage\":\"fr-FR\",\"@id\":\"https:\/\/museoscienze.vda.it\/#\/schema\/logo\/image\/\",\"url\":\"https:\/\/museoscienze.vda.it\/wp-content\/uploads\/2023\/09\/logo_MuseoScienzeVDA_completo_rva.png\",\"contentUrl\":\"https:\/\/museoscienze.vda.it\/wp-content\/uploads\/2023\/09\/logo_MuseoScienzeVDA_completo_rva.png\",\"width\":1692,\"height\":646,\"caption\":\"Museo Regionale di Scienze Naturali Efisio Noussan\"},\"image\":{\"@id\":\"https:\/\/museoscienze.vda.it\/#\/schema\/logo\/image\/\"}}]}<\/script>\n<!-- \/ Yoast SEO plugin. -->","yoast_head_json":{"title":"M\u00e9canisme de r\u00e9troaction - Museo Regionale di Scienze Naturali Efisio Noussan","robots":{"index":"index","follow":"follow","max-snippet":"max-snippet:-1","max-image-preview":"max-image-preview:large","max-video-preview":"max-video-preview:-1"},"canonical":"https:\/\/museoscienze.vda.it\/fr\/meccanismo-di-feedback\/","og_locale":"fr_FR","og_type":"article","og_title":"M\u00e9canisme de r\u00e9troaction - Museo Regionale di Scienze Naturali Efisio Noussan","og_description":"Signaler un probl\u00e8me avec le portail Veuillez utiliser ce formulaire pour signaler un probl\u00e8me sur le site, un contenu inaccessible ou obsol\u00e8te, ou pour sugg\u00e9rer des am\u00e9liorations. Les donn\u00e9es collect\u00e9es ne seront en aucun cas communiqu\u00e9es \u00e0 des tiers.","og_url":"https:\/\/museoscienze.vda.it\/fr\/meccanismo-di-feedback\/","og_site_name":"Museo Regionale di Scienze Naturali Efisio Noussan","article_modified_time":"2025-11-04T10:08:33+00:00","twitter_card":"summary_large_image","schema":{"@context":"https:\/\/schema.org","@graph":[{"@type":"WebPage","@id":"https:\/\/museoscienze.vda.it\/fr\/meccanismo-di-feedback\/","url":"https:\/\/museoscienze.vda.it\/fr\/meccanismo-di-feedback\/","name":"M\u00e9canisme de r\u00e9troaction - Museo Regionale di Scienze Naturali Efisio Noussan","isPartOf":{"@id":"https:\/\/museoscienze.vda.it\/#website"},"datePublished":"2023-12-20T11:56:40+00:00","dateModified":"2025-11-04T10:08:33+00:00","breadcrumb":{"@id":"https:\/\/museoscienze.vda.it\/fr\/meccanismo-di-feedback\/#breadcrumb"},"inLanguage":"fr-FR","potentialAction":[{"@type":"ReadAction","target":["https:\/\/museoscienze.vda.it\/fr\/meccanismo-di-feedback\/"]}]},{"@type":"BreadcrumbList","@id":"https:\/\/museoscienze.vda.it\/fr\/meccanismo-di-feedback\/#breadcrumb","itemListElement":[{"@type":"ListItem","position":1,"name":"Home","item":"https:\/\/museoscienze.vda.it\/fr\/"},{"@type":"ListItem","position":2,"name":"M\u00e9canisme de r\u00e9troaction"}]},{"@type":"WebSite","@id":"https:\/\/museoscienze.vda.it\/#website","url":"https:\/\/museoscienze.vda.it\/","name":"Museo Regionale di Scienze Naturali Efisio Noussan","description":"","publisher":{"@id":"https:\/\/museoscienze.vda.it\/#organization"},"potentialAction":[{"@type":"SearchAction","target":{"@type":"EntryPoint","urlTemplate":"https:\/\/museoscienze.vda.it\/?s={search_term_string}"},"query-input":{"@type":"PropertyValueSpecification","valueRequired":true,"valueName":"search_term_string"}}],"inLanguage":"fr-FR"},{"@type":"Organization","@id":"https:\/\/museoscienze.vda.it\/#organization","name":"Museo Regionale di Scienze Naturali Efisio Noussan","url":"https:\/\/museoscienze.vda.it\/","logo":{"@type":"ImageObject","inLanguage":"fr-FR","@id":"https:\/\/museoscienze.vda.it\/#\/schema\/logo\/image\/","url":"https:\/\/museoscienze.vda.it\/wp-content\/uploads\/2023\/09\/logo_MuseoScienzeVDA_completo_rva.png","contentUrl":"https:\/\/museoscienze.vda.it\/wp-content\/uploads\/2023\/09\/logo_MuseoScienzeVDA_completo_rva.png","width":1692,"height":646,"caption":"Museo Regionale di Scienze Naturali Efisio Noussan"},"image":{"@id":"https:\/\/museoscienze.vda.it\/#\/schema\/logo\/image\/"}}]}},"_links":{"self":[{"href":"https:\/\/museoscienze.vda.it\/fr\/wp-json\/wp\/v2\/pages\/84153","targetHints":{"allow":["GET"]}}],"collection":[{"href":"https:\/\/museoscienze.vda.it\/fr\/wp-json\/wp\/v2\/pages"}],"about":[{"href":"https:\/\/museoscienze.vda.it\/fr\/wp-json\/wp\/v2\/types\/page"}],"author":[{"embeddable":true,"href":"https:\/\/museoscienze.vda.it\/fr\/wp-json\/wp\/v2\/users\/4"}],"replies":[{"embeddable":true,"href":"https:\/\/museoscienze.vda.it\/fr\/wp-json\/wp\/v2\/comments?post=84153"}],"version-history":[{"count":3,"href":"https:\/\/museoscienze.vda.it\/fr\/wp-json\/wp\/v2\/pages\/84153\/revisions"}],"predecessor-version":[{"id":84173,"href":"https:\/\/museoscienze.vda.it\/fr\/wp-json\/wp\/v2\/pages\/84153\/revisions\/84173"}],"wp:attachment":[{"href":"https:\/\/museoscienze.vda.it\/fr\/wp-json\/wp\/v2\/media?parent=84153"}],"curies":[{"name":"wp","href":"https:\/\/api.w.org\/{rel}","templated":true}]}}