{"id":5502,"date":"2024-01-23T14:51:46","date_gmt":"2024-01-23T13:51:46","guid":{"rendered":"https:\/\/museoscienze.vda.it\/recherche\/"},"modified":"2024-02-15T14:10:54","modified_gmt":"2024-02-15T13:10:54","slug":"recherche","status":"publish","type":"page","link":"https:\/\/museoscienze.vda.it\/fr\/recherche\/","title":{"rendered":"Recherche"},"content":{"rendered":"\n<div class=\"wp-block-group alignfull has-grigio-1-background-color has-background has-global-padding is-layout-constrained wp-block-group-is-layout-constrained\" style=\"padding-top:var(--wp--preset--spacing--80);padding-bottom:var(--wp--preset--spacing--80)\">\n<div class=\"wp-block-columns alignwide is-style-ettblock-media-not-contained is-style-ettblock-columns-full is-layout-flex wp-container-core-columns-is-layout-2 wp-block-columns-is-layout-flex\" style=\"margin-top:0;margin-bottom:0\">\n<div class=\"wp-block-column is-style-ettblock-col-6 is-layout-flow wp-block-column-is-layout-flow\" style=\"padding-top:0;padding-right:var(--wp--preset--spacing--30);padding-bottom:0;padding-left:var(--wp--preset--spacing--30);flex-basis:50%\"><div style=\"\" id=\"single-featured-element-block_01e99f87346598af4400c06f606b5621\"  class=\"ett-block single-featured-element\"><div class=\"content\"><div class=\"block-title display-4 \">LE SITE OP\u00c9RATIONNEL<\/div><div class=\"occhiello mb-15\">Mus\u00e9e r\u00e9gional de sciences naturelles Efisio Noussan<\/div><div class=\"body mt-1 mt-lg-2\"><p style=\"text-align: left;\">Le site op\u00e9rationnel du Mus\u00e9e, ouvert en 2016 dans la commune de La Salle, est situ\u00e9 pr\u00e8s de la Zone Sp\u00e9ciale de Conservation et de la R\u00e9serve naturelle r\u00e9gionale Marais de Morgex-La Salle.<br \/>\nC\u2019est l\u00e0 que se d\u00e9roulent la plupart des activit\u00e9s mus\u00e9ales, comme la conservation des collections (de min\u00e9raux, d\u2019esp\u00e8ces botaniques, d\u2019animaux et de livres), les projets de recherche scientifique, les actions de divulgation, les activit\u00e9s didactiques ou la consultation du patrimoine libraire de la biblioth\u00e8que scientifique. Ce b\u00e2timent, qui couvre pr\u00e8s de 1200 m2, abrite des bureaux, deux laboratoires scientifiques, deux salles didactiques, une biblioth\u00e8que, une salle de consultation, des archives et un d\u00e9p\u00f4t pour les collections.<\/p>\n<p style=\"text-align: left;\">Les laboratoires du Mus\u00e9e constituent une plateforme technologique r\u00e9gionale de r\u00e9f\u00e9rence en mati\u00e8re d\u2019analyses de l\u2019ADN, dans le cadre du soutien \u00e0 des services et \u00e0 des collaborations dans les domaines de la nature et de l\u2019environnement, de l\u2019agro-alimentaire ou de la conservation des biens culturels. Les activit\u00e9s de recherche scientifique portent sur la sauvegarde de la biodiversit\u00e9 et de l\u2019agro-biodiversit\u00e9, \u00e0 travers le suivi et l\u2019\u00e9tude des esp\u00e8ces animales ou v\u00e9g\u00e9tales, la caract\u00e9risation g\u00e9n\u00e9tique des ferments lactiques autochtones et des anciennes vari\u00e9t\u00e9s fruiti\u00e8res ou viticoles et la lutte contre les agents phytopathog\u00e8nes. <\/p>\n<p style=\"text-align: left;\">Le Mus\u00e9e g\u00e8re la banque r\u00e9gionale du germoplasme v\u00e9g\u00e9tal, qui conserve ex situ des graines de plantes spontan\u00e9es rares et menac\u00e9es. Il participe \u00e0 des projets europ\u00e9ens et collabore activement avec des organismes territoriaux actifs dans le secteur des biotechnologies, de m\u00eame qu\u2019avec des organismes de recherche scientifique nationaux et internationaux. <\/p>\n<\/div><\/div><\/div><\/div>\n\n\n\n<div class=\"wp-block-column is-style-ettblock-col-6 is-layout-flow wp-block-column-is-layout-flow\" style=\"padding-top:0;padding-right:var(--wp--preset--spacing--30);padding-bottom:0;padding-left:var(--wp--preset--spacing--30);flex-basis:50%\">\n<figure class=\"wp-block-image size-large is-style-rounded is-style-rounded--1\"><img loading=\"lazy\" decoding=\"async\" width=\"840\" height=\"560\" src=\"https:\/\/museoscienze.vda.it\/wp-content\/uploads\/2022\/12\/sede-operativa_rid-840x560.jpg\" alt=\"Mus&#xE9;e r&#xE9;gional de sciences naturelles Efisio Noussan - Le site op&#xE9;rationnel\" class=\"wp-image-845\" srcset=\"https:\/\/museoscienze.vda.it\/wp-content\/uploads\/2022\/12\/sede-operativa_rid-840x560.jpg 840w, https:\/\/museoscienze.vda.it\/wp-content\/uploads\/2022\/12\/sede-operativa_rid-960x640.jpg 960w, https:\/\/museoscienze.vda.it\/wp-content\/uploads\/2022\/12\/sede-operativa_rid.jpg 1200w\" sizes=\"auto, (max-width: 840px) 100vw, 840px\" \/><\/figure>\n\n\n\n<div class=\"wp-block-columns are-vertically-aligned-top is-style-ettblock-columns-full is-layout-flex wp-container-core-columns-is-layout-1 wp-block-columns-is-layout-flex\">\n<div class=\"wp-block-column is-vertically-aligned-top is-style-ettblock-col-6 is-layout-flow wp-block-column-is-layout-flow\" style=\"padding-top:0;padding-right:0;padding-bottom:0;padding-left:0;flex-basis:30%\">\n<p class=\"has-text-align-center\"><strong>La Salle<\/strong><br\/>3 Localit\u00e9 Chez Borgne<br\/>11015 La Salle (AO)<\/p>\n<\/div>\n\n\n\n<div class=\"wp-block-column is-vertically-aligned-top is-style-ettblock-col-6 is-layout-flow wp-block-column-is-layout-flow\" style=\"flex-basis:70%\">\n<p>Le site n\u2019est pas ouvert au public.<br\/>Il n\u2019est possible d\u2019y acc\u00e9der que pour des initiatives organis\u00e9es ou sur r\u00e9servation, en fonction des disponibilit\u00e9s, \u00e0 l\u2019adresse suivante: <a href=\"mailto:museoscienze@regione.vda.it\">museoscienze@regione.vda.it<\/a><\/p>\n<\/div>\n<\/div>\n<\/div>\n<\/div>\n\n\n\n<div style=\"height:40px\" aria-hidden=\"true\" class=\"wp-block-spacer\"><\/div>\n<\/div>\n\n<div class=\"wp-block-group alignfull has-global-padding is-layout-constrained wp-block-group-is-layout-constrained\" style=\"padding-top:var(--wp--preset--spacing--60);padding-bottom:var(--wp--preset--spacing--60)\">\n<div style=\"height:100px\" aria-hidden=\"true\" class=\"wp-block-spacer\"><\/div>\n\n\n\n<div class=\"wp-block-columns alignwide is-layout-flex wp-container-core-columns-is-layout-3 wp-block-columns-is-layout-flex\">\n<div class=\"wp-block-column is-layout-flow wp-block-column-is-layout-flow\" style=\"padding-right:var(--wp--preset--spacing--30);padding-left:var(--wp--preset--spacing--30)\">\n\n<\/div>\n\n\n\n<div class=\"wp-block-column is-layout-flow wp-block-column-is-layout-flow\" style=\"padding-right:var(--wp--preset--spacing--30);padding-left:var(--wp--preset--spacing--30)\"><div style=\"color: #ffffff;background-color: #6c891b;\" id=\"single-featured-element-block_008f43ad284b388d1f583c9061cd656c\"  data-hasbg=\"true\"  class=\"ett-block single-featured-element h-full\"><div class=\"content\"><div class=\"block-title display-4 \">ACTIVIT\u00c9S DE RECHERCHE<\/div><div class=\"occhiello mb-15\">Notre engagement<\/div><div class=\"body mt-1 mt-lg-2\"><p style=\"text-align: left;\">Le Mus\u00e9e est engag\u00e9 dans des projets de recherche scientifique et est attentif aux innovations scientifiques et technologiques au service de la nature, de l\u2019environnement et du territoire de montagne.<\/p>\n<p style=\"text-align: left;\">Son site op\u00e9rationnel dispose de laboratoires pour les biotechnologies, sp\u00e9cialis\u00e9s dans l\u2019analyse et le s\u00e9quen\u00e7age de l\u2019ADN, en vue de la reconnaissance de traces biologiques, dans la g\u00e9n\u00e9tique de la population, et dans la d\u00e9finition de cibles g\u00e9niques particuli\u00e8rement int\u00e9ressantes.<\/p>\n<p style=\"text-align: left;\">Les collaborations avec des organismes territoriaux et des instituts de recherche nationaux et internationaux sont nombreuses.<\/p>\n<\/div><\/div><\/div><\/div>\n<\/div>\n\n\n\n<div style=\"height:100px\" aria-hidden=\"true\" class=\"wp-block-spacer\"><\/div>\n<\/div>\n\n<div class=\"wp-block-group alignfull has-grigio-1-background-color has-background has-global-padding is-layout-constrained wp-block-group-is-layout-constrained\" style=\"padding-top:var(--wp--preset--spacing--80);padding-bottom:var(--wp--preset--spacing--80)\">\n<div class=\"wp-block-columns alignwide is-layout-flex wp-container-core-columns-is-layout-4 wp-block-columns-is-layout-flex\">\n<div class=\"wp-block-column is-layout-flow wp-block-column-is-layout-flow\" style=\"padding-right:var(--wp--preset--spacing--30);padding-left:var(--wp--preset--spacing--30)\"><div style=\"\" id=\"single-featured-element-block_f90f4f5e0ca316a707930a963f7ab9de\"  class=\"ett-block single-featured-element\"><div class=\"content\"><div class=\"block-title display-4 \">BIBLIOTH\u00c8QUE DU MUS\u00c9E<\/div><div class=\"occhiello mb-15\"> <\/div><div class=\"body mt-1 mt-lg-2\"><p style=\"text-align: left;\"><span style=\"font-weight: 400;\">La biblioth\u00e8que du mus\u00e9e est issue de la biblioth\u00e8que de la Soci\u00e9t\u00e9 de la Flore Vald\u00f4taine, constitu\u00e9e \u00e0 partir des ann\u00e9es 1970. La naissance du Mus\u00e9e r\u00e9gional de sciences naturelles a donn\u00e9 lieu \u00e0 l\u2019achat de nombreuses monographies scientifiques, relatives aux diff\u00e9rents domaines des sciences naturelles, ainsi qu\u2019au d\u00e9veloppement des \u00e9changes et des acquisitions de revues scientifiques et de divulgation.  <\/span><\/p>\n<p style=\"text-align: left;\"><span style=\"font-weight: 400;\">La biblioth\u00e8que compte aujourd\u2019hui plus de 4 000 livres, comprenant des textes de divulgation ou scientifiques sur les sciences naturelles, ainsi que des p\u00e9riodiques scientifiques ou d\u2019information, publi\u00e9s par des universit\u00e9s, des associations scientifiques et de protection de l\u2019environnement ou des mus\u00e9es italiens ou \u00e9trangers et obtenus surtout gr\u00e2ce aux \u00e9changes avec la Revue Vald\u00f4taine d\u2019Histoire Naturelle, publi\u00e9e par la Soci\u00e9t\u00e9 de la Flore.<\/span><\/p>\n<p style=\"text-align: left;\"><span style=\"font-weight: 400;\">Les textes sont consultables sur r\u00e9servation, au site op\u00e9rationnel de La Salle. <\/span><\/p>\n<p style=\"text-align: left;\"><span style=\"font-weight: 400;\">Gr\u00e2ce \u00e0 un minutieux travail de catalogage et d\u2019informatisation, ce patrimoine libraire est consultables sur la banque de donn\u00e9e num\u00e9rique.<\/span><\/p>\n<\/div><div class=\"link text-center\"><a target=\"_blank\" rel=\"noreferrer\" class=\"btn btn-link\" href=\"https:\/\/bibliomuseonoussan.regione.vda.it\">D\u00e9couvrez la biblioth\u00e8que du Mus\u00e9e<svg aria-label=\"freccia\"  title=\"freccia\" xmlns=\"http:\/\/www.w3.org\/2000\/svg\" width=\"16\" height=\"16\" fill=\"currentColor\" class=\"bi bi-arrow-right-short\" viewBox=\"0 0 16 16\">\r\n  <path fill-rule=\"evenodd\" d=\"M4 8a.5.5 0 0 1 .5-.5h5.793L8.146 5.354a.5.5 0 1 1 .708-.708l3 3a.5.5 0 0 1 0 .708l-3 3a.5.5 0 0 1-.708-.708L10.293 8.5H4.5A.5.5 0 0 1 4 8z\"\/>\r\n<\/svg><\/a><\/div><\/div><\/div><\/div>\n\n\n\n<div class=\"wp-block-column is-layout-flow wp-block-column-is-layout-flow\" style=\"padding-right:var(--wp--preset--spacing--30);padding-left:var(--wp--preset--spacing--30)\">\n<figure class=\"wp-block-image aligncenter size-large is-style-rounded is-style-rounded--2\"><img loading=\"lazy\" decoding=\"async\" width=\"839\" height=\"560\" src=\"https:\/\/museoscienze.vda.it\/wp-content\/uploads\/2022\/12\/MuseoScienzeNaturali_77-839x560.jpg\" alt=\"\" class=\"wp-image-885\" srcset=\"https:\/\/museoscienze.vda.it\/wp-content\/uploads\/2022\/12\/MuseoScienzeNaturali_77-839x560.jpg 839w, https:\/\/museoscienze.vda.it\/wp-content\/uploads\/2022\/12\/MuseoScienzeNaturali_77-960x641.jpg 960w, https:\/\/museoscienze.vda.it\/wp-content\/uploads\/2022\/12\/MuseoScienzeNaturali_77-1280x854.jpg 1280w, https:\/\/museoscienze.vda.it\/wp-content\/uploads\/2022\/12\/MuseoScienzeNaturali_77.jpg 1500w\" sizes=\"auto, (max-width: 839px) 100vw, 839px\" \/><figcaption class=\"wp-element-caption\">Biblioth\u00e8que du mus\u00e9e Efisio Noussan<\/figcaption><\/figure>\n<\/div>\n<\/div>\n<\/div>\n","protected":false},"excerpt":{"rendered":"<p>La Salle3 Localit\u00e9 Chez Borgne11015 La Salle (AO) Le site n\u2019est pas ouvert au public.Il n\u2019est possible d\u2019y acc\u00e9der que pour des initiatives organis\u00e9es ou sur r\u00e9servation, en fonction des disponibilit\u00e9s, \u00e0 l\u2019adresse suivante: museoscienze@regione.vda.it<\/p>\n","protected":false},"author":4,"featured_media":0,"parent":0,"menu_order":0,"comment_status":"closed","ping_status":"closed","template":"","meta":{"_acf_changed":false,"footnotes":""},"class_list":["post-5502","page","type-page","status-publish","hentry"],"acf":[],"yoast_head":"<!-- This site is optimized with the Yoast SEO plugin v26.8 - https:\/\/yoast.com\/product\/yoast-seo-wordpress\/ -->\n<title>Recherche - Museo Regionale di Scienze Naturali Efisio Noussan<\/title>\n<meta name=\"robots\" content=\"index, follow, max-snippet:-1, max-image-preview:large, max-video-preview:-1\" \/>\n<link rel=\"canonical\" href=\"https:\/\/museoscienze.vda.it\/fr\/recherche\/\" \/>\n<meta property=\"og:locale\" content=\"fr_FR\" \/>\n<meta property=\"og:type\" content=\"article\" \/>\n<meta property=\"og:title\" content=\"Recherche - Museo Regionale di Scienze Naturali Efisio Noussan\" \/>\n<meta property=\"og:description\" content=\"La Salle3 Localit\u00e9 Chez Borgne11015 La Salle (AO) Le site n\u2019est pas ouvert au public.Il n\u2019est possible d\u2019y acc\u00e9der que pour des initiatives organis\u00e9es ou sur r\u00e9servation, en fonction des disponibilit\u00e9s, \u00e0 l\u2019adresse suivante: museoscienze@regione.vda.it\" \/>\n<meta property=\"og:url\" content=\"https:\/\/museoscienze.vda.it\/fr\/recherche\/\" \/>\n<meta property=\"og:site_name\" content=\"Museo Regionale di Scienze Naturali Efisio Noussan\" \/>\n<meta property=\"article:modified_time\" content=\"2024-02-15T13:10:54+00:00\" \/>\n<meta property=\"og:image\" content=\"https:\/\/museoscienze.vda.it\/wp-content\/uploads\/2022\/12\/sede-operativa_rid.jpg\" \/>\n\t<meta property=\"og:image:width\" content=\"1200\" \/>\n\t<meta property=\"og:image:height\" content=\"800\" \/>\n\t<meta property=\"og:image:type\" content=\"image\/jpeg\" \/>\n<meta name=\"twitter:card\" content=\"summary_large_image\" \/>\n<script type=\"application\/ld+json\" class=\"yoast-schema-graph\">{\"@context\":\"https:\/\/schema.org\",\"@graph\":[{\"@type\":\"WebPage\",\"@id\":\"https:\/\/museoscienze.vda.it\/fr\/recherche\/\",\"url\":\"https:\/\/museoscienze.vda.it\/fr\/recherche\/\",\"name\":\"Recherche - Museo Regionale di Scienze Naturali Efisio Noussan\",\"isPartOf\":{\"@id\":\"https:\/\/museoscienze.vda.it\/#website\"},\"primaryImageOfPage\":{\"@id\":\"https:\/\/museoscienze.vda.it\/fr\/recherche\/#primaryimage\"},\"image\":{\"@id\":\"https:\/\/museoscienze.vda.it\/fr\/recherche\/#primaryimage\"},\"thumbnailUrl\":\"https:\/\/museoscienze.vda.it\/wp-content\/uploads\/2022\/12\/sede-operativa_rid-840x560.jpg\",\"datePublished\":\"2024-01-23T13:51:46+00:00\",\"dateModified\":\"2024-02-15T13:10:54+00:00\",\"breadcrumb\":{\"@id\":\"https:\/\/museoscienze.vda.it\/fr\/recherche\/#breadcrumb\"},\"inLanguage\":\"fr-FR\",\"potentialAction\":[{\"@type\":\"ReadAction\",\"target\":[\"https:\/\/museoscienze.vda.it\/fr\/recherche\/\"]}]},{\"@type\":\"ImageObject\",\"inLanguage\":\"fr-FR\",\"@id\":\"https:\/\/museoscienze.vda.it\/fr\/recherche\/#primaryimage\",\"url\":\"https:\/\/museoscienze.vda.it\/wp-content\/uploads\/2022\/12\/sede-operativa_rid-840x560.jpg\",\"contentUrl\":\"https:\/\/museoscienze.vda.it\/wp-content\/uploads\/2022\/12\/sede-operativa_rid-840x560.jpg\"},{\"@type\":\"BreadcrumbList\",\"@id\":\"https:\/\/museoscienze.vda.it\/fr\/recherche\/#breadcrumb\",\"itemListElement\":[{\"@type\":\"ListItem\",\"position\":1,\"name\":\"Home\",\"item\":\"https:\/\/museoscienze.vda.it\/fr\/\"},{\"@type\":\"ListItem\",\"position\":2,\"name\":\"Recherche\"}]},{\"@type\":\"WebSite\",\"@id\":\"https:\/\/museoscienze.vda.it\/#website\",\"url\":\"https:\/\/museoscienze.vda.it\/\",\"name\":\"Museo Regionale di Scienze Naturali Efisio Noussan\",\"description\":\"\",\"publisher\":{\"@id\":\"https:\/\/museoscienze.vda.it\/#organization\"},\"potentialAction\":[{\"@type\":\"SearchAction\",\"target\":{\"@type\":\"EntryPoint\",\"urlTemplate\":\"https:\/\/museoscienze.vda.it\/?s={search_term_string}\"},\"query-input\":{\"@type\":\"PropertyValueSpecification\",\"valueRequired\":true,\"valueName\":\"search_term_string\"}}],\"inLanguage\":\"fr-FR\"},{\"@type\":\"Organization\",\"@id\":\"https:\/\/museoscienze.vda.it\/#organization\",\"name\":\"Museo Regionale di Scienze Naturali Efisio Noussan\",\"url\":\"https:\/\/museoscienze.vda.it\/\",\"logo\":{\"@type\":\"ImageObject\",\"inLanguage\":\"fr-FR\",\"@id\":\"https:\/\/museoscienze.vda.it\/#\/schema\/logo\/image\/\",\"url\":\"https:\/\/museoscienze.vda.it\/wp-content\/uploads\/2023\/09\/logo_MuseoScienzeVDA_completo_rva.png\",\"contentUrl\":\"https:\/\/museoscienze.vda.it\/wp-content\/uploads\/2023\/09\/logo_MuseoScienzeVDA_completo_rva.png\",\"width\":1692,\"height\":646,\"caption\":\"Museo Regionale di Scienze Naturali Efisio Noussan\"},\"image\":{\"@id\":\"https:\/\/museoscienze.vda.it\/#\/schema\/logo\/image\/\"}}]}<\/script>\n<!-- \/ Yoast SEO plugin. -->","yoast_head_json":{"title":"Recherche - Museo Regionale di Scienze Naturali Efisio Noussan","robots":{"index":"index","follow":"follow","max-snippet":"max-snippet:-1","max-image-preview":"max-image-preview:large","max-video-preview":"max-video-preview:-1"},"canonical":"https:\/\/museoscienze.vda.it\/fr\/recherche\/","og_locale":"fr_FR","og_type":"article","og_title":"Recherche - Museo Regionale di Scienze Naturali Efisio Noussan","og_description":"La Salle3 Localit\u00e9 Chez Borgne11015 La Salle (AO) Le site n\u2019est pas ouvert au public.Il n\u2019est possible d\u2019y acc\u00e9der que pour des initiatives organis\u00e9es ou sur r\u00e9servation, en fonction des disponibilit\u00e9s, \u00e0 l\u2019adresse suivante: museoscienze@regione.vda.it","og_url":"https:\/\/museoscienze.vda.it\/fr\/recherche\/","og_site_name":"Museo Regionale di Scienze Naturali Efisio Noussan","article_modified_time":"2024-02-15T13:10:54+00:00","og_image":[{"width":1200,"height":800,"url":"https:\/\/museoscienze.vda.it\/wp-content\/uploads\/2022\/12\/sede-operativa_rid.jpg","type":"image\/jpeg"}],"twitter_card":"summary_large_image","schema":{"@context":"https:\/\/schema.org","@graph":[{"@type":"WebPage","@id":"https:\/\/museoscienze.vda.it\/fr\/recherche\/","url":"https:\/\/museoscienze.vda.it\/fr\/recherche\/","name":"Recherche - Museo Regionale di Scienze Naturali Efisio Noussan","isPartOf":{"@id":"https:\/\/museoscienze.vda.it\/#website"},"primaryImageOfPage":{"@id":"https:\/\/museoscienze.vda.it\/fr\/recherche\/#primaryimage"},"image":{"@id":"https:\/\/museoscienze.vda.it\/fr\/recherche\/#primaryimage"},"thumbnailUrl":"https:\/\/museoscienze.vda.it\/wp-content\/uploads\/2022\/12\/sede-operativa_rid-840x560.jpg","datePublished":"2024-01-23T13:51:46+00:00","dateModified":"2024-02-15T13:10:54+00:00","breadcrumb":{"@id":"https:\/\/museoscienze.vda.it\/fr\/recherche\/#breadcrumb"},"inLanguage":"fr-FR","potentialAction":[{"@type":"ReadAction","target":["https:\/\/museoscienze.vda.it\/fr\/recherche\/"]}]},{"@type":"ImageObject","inLanguage":"fr-FR","@id":"https:\/\/museoscienze.vda.it\/fr\/recherche\/#primaryimage","url":"https:\/\/museoscienze.vda.it\/wp-content\/uploads\/2022\/12\/sede-operativa_rid-840x560.jpg","contentUrl":"https:\/\/museoscienze.vda.it\/wp-content\/uploads\/2022\/12\/sede-operativa_rid-840x560.jpg"},{"@type":"BreadcrumbList","@id":"https:\/\/museoscienze.vda.it\/fr\/recherche\/#breadcrumb","itemListElement":[{"@type":"ListItem","position":1,"name":"Home","item":"https:\/\/museoscienze.vda.it\/fr\/"},{"@type":"ListItem","position":2,"name":"Recherche"}]},{"@type":"WebSite","@id":"https:\/\/museoscienze.vda.it\/#website","url":"https:\/\/museoscienze.vda.it\/","name":"Museo Regionale di Scienze Naturali Efisio Noussan","description":"","publisher":{"@id":"https:\/\/museoscienze.vda.it\/#organization"},"potentialAction":[{"@type":"SearchAction","target":{"@type":"EntryPoint","urlTemplate":"https:\/\/museoscienze.vda.it\/?s={search_term_string}"},"query-input":{"@type":"PropertyValueSpecification","valueRequired":true,"valueName":"search_term_string"}}],"inLanguage":"fr-FR"},{"@type":"Organization","@id":"https:\/\/museoscienze.vda.it\/#organization","name":"Museo Regionale di Scienze Naturali Efisio Noussan","url":"https:\/\/museoscienze.vda.it\/","logo":{"@type":"ImageObject","inLanguage":"fr-FR","@id":"https:\/\/museoscienze.vda.it\/#\/schema\/logo\/image\/","url":"https:\/\/museoscienze.vda.it\/wp-content\/uploads\/2023\/09\/logo_MuseoScienzeVDA_completo_rva.png","contentUrl":"https:\/\/museoscienze.vda.it\/wp-content\/uploads\/2023\/09\/logo_MuseoScienzeVDA_completo_rva.png","width":1692,"height":646,"caption":"Museo Regionale di Scienze Naturali Efisio Noussan"},"image":{"@id":"https:\/\/museoscienze.vda.it\/#\/schema\/logo\/image\/"}}]}},"_links":{"self":[{"href":"https:\/\/museoscienze.vda.it\/fr\/wp-json\/wp\/v2\/pages\/5502","targetHints":{"allow":["GET"]}}],"collection":[{"href":"https:\/\/museoscienze.vda.it\/fr\/wp-json\/wp\/v2\/pages"}],"about":[{"href":"https:\/\/museoscienze.vda.it\/fr\/wp-json\/wp\/v2\/types\/page"}],"author":[{"embeddable":true,"href":"https:\/\/museoscienze.vda.it\/fr\/wp-json\/wp\/v2\/users\/4"}],"replies":[{"embeddable":true,"href":"https:\/\/museoscienze.vda.it\/fr\/wp-json\/wp\/v2\/comments?post=5502"}],"version-history":[{"count":1,"href":"https:\/\/museoscienze.vda.it\/fr\/wp-json\/wp\/v2\/pages\/5502\/revisions"}],"predecessor-version":[{"id":5503,"href":"https:\/\/museoscienze.vda.it\/fr\/wp-json\/wp\/v2\/pages\/5502\/revisions\/5503"}],"wp:attachment":[{"href":"https:\/\/museoscienze.vda.it\/fr\/wp-json\/wp\/v2\/media?parent=5502"}],"curies":[{"name":"wp","href":"https:\/\/api.w.org\/{rel}","templated":true}]}}