{"id":4041,"date":"2023-06-26T16:00:00","date_gmt":"2023-06-26T14:00:00","guid":{"rendered":"https:\/\/museoscienze.vda.it\/les-salles-du-chateau-version-accessible\/"},"modified":"2023-06-26T16:39:04","modified_gmt":"2023-06-26T14:39:04","slug":"les-salles-du-chateau-version-accessible","status":"publish","type":"page","link":"https:\/\/museoscienze.vda.it\/fr\/les-salles-du-chateau-version-accessible\/","title":{"rendered":"Les Salles du ch\u00e2teau &#8211; Version accessible"},"content":{"rendered":"\n<h2 class=\"wp-block-heading has-text-align-center\" style=\"margin-top:var(--wp--preset--spacing--50);margin-right:var(--wp--preset--spacing--50);margin-bottom:var(--wp--preset--spacing--50);margin-left:var(--wp--preset--spacing--50)\">Rez-de-chauss\u00e9e<\/h2>\n<div style=\"\" id=\"single-featured-element-block_d47ab653e2e6f6762cba69dc563eda8a\"  class=\"ett-block single-featured-element\"><div class=\"content\"><div class=\"block-title display-4 \">1. Salle des armoiries<\/div><div class=\"body mt-1 mt-lg-2\"><p>Consacr\u00e9e \u00e0 l\u2019histoire du ch\u00e2teau, aux fouilles arch\u00e9ologiques et aux armoiries des familles de la noblesse valdotaine, cette salle permet d\u2019appr\u00e9cier le style n\u00e9ogothique, visible sur les bancs et les stalles, sur les chaises hautes, les tables d\u00e9cor\u00e9es de blasons et sur les armoiries des seigneurs de Saint-Pierre. Un poste multim\u00e9dia tactile moderne vous permet d\u2019en approfondir les contenus. Cette salle a fait l\u2019objet d\u2019importants travaux structurels et de restauration \u00e0 des fins de conservation.<\/p>\n<\/div><\/div><\/div><div style=\"\" id=\"single-featured-element-block_284347fcd5fbda1bd0b9c680e9df3a52\"  class=\"ett-block single-featured-element\"><div class=\"content\"><div class=\"block-title display-4 \">2. Salle des diff\u00e9rences<\/div><div class=\"body mt-1 mt-lg-2\"><p>Cette salle illustre les diff\u00e9rences qui caract\u00e9risent la montagne en fonction des altitudes : des vignobles et des oliveraies de la basse vall\u00e9e aux milieux glaciaires du Mont-Blanc. Elle d\u00e9crit \u00e9galement l\u2019immense biodiversit\u00e9 de la Vall\u00e9e d\u2019Aoste, dont t\u00e9moignent les nombreuses esp\u00e8ces animales et v\u00e9g\u00e9tales pr\u00e9sentes dans un rayon de quelques kilom\u00e8tres, ainsi que les nombreuses aires naturelles prot\u00e9g\u00e9es du territoire : r\u00e9serves ou parcs, sites Natura 2000 et jardins botaniques alpins. <\/p>\n<\/div><\/div><\/div><div style=\"\" id=\"single-featured-element-block_c0a709c1d42208262326687d69f03753\"  class=\"ett-block single-featured-element\"><div class=\"content\"><div class=\"block-title display-4 \">3. Salle du temps<\/div><div class=\"body mt-1 mt-lg-2\"><p>Cette salle constitue le c\u0153ur du ch\u00e2teau en style n\u00e9ogothique, avec ses d\u00e9cors, son plancher bicolore en bois et ses lampadaires en fer forg\u00e9. Elle m\u00e8ne les visiteurs jusqu\u2019au mus\u00e9e du XIXe si\u00e8cle, dont les vitrines historiques sont pleines de vestiges et am\u00e9nag\u00e9es selon les crit\u00e8res d\u2019exposition de l\u2019\u00e9poque. Une vid\u00e9o illustre les activit\u00e9s du site op\u00e9rationnel, la conservation des collections, la divulgation et la recherche scientifique bas\u00e9e sur des biotechnologies modernes visant \u00e0 sauvegarder la biodiversit\u00e9.  <\/p>\n<\/div><\/div><\/div><div style=\"\" id=\"single-featured-element-block_61f7a62428489152918ee997ce877c70\"  class=\"ett-block single-featured-element\"><div class=\"content\"><div class=\"block-title display-4 \">4. Salle des mines<\/div><div class=\"body mt-1 mt-lg-2\"><p>La beaut\u00e9 et le caract\u00e8re des montagnes d\u00e9pendent des mat\u00e9riaux qui les composent. Cette salle vous permet d\u2019approfondir la connaissance de la g\u00e9ologie de la Vall\u00e9e d\u2019Aoste, gr\u00e2ce notamment aux gigantographies des montagnes vald\u00f4taines &#8211; o\u00f9 se d\u00e9coupent la ligne de cr\u00eate du Cervin et les formes dolomitiques des Cimes blanches -, aux cartographies g\u00e9ologiques et des sols, aux entretiens virtuels et aux \u00e9chantillons de roches des Alpes, dont le granit du Mont-Blanc et le gneiss du Grand-Paradis. <\/p>\n<\/div><\/div><\/div><div style=\"\" id=\"single-featured-element-block_8278580df64be7bacbefca845e4edc49\"  class=\"ett-block single-featured-element\"><div class=\"content\"><div class=\"block-title display-4 \">5. Salle des mines<\/div><div class=\"occhiello mb-15\">-1 Sous-sol<\/div><div class=\"body mt-1 mt-lg-2\"><p>Cette petite salle souterraine a pour vocation de vous faire d\u00e9couvrir l\u2019ancienne tradition d\u2019extraction du minerai de la r\u00e9gion, des c\u00e9l\u00e8bres mines de Cogne aux vall\u00e9es lat\u00e9rales, de La Thuile \u00e0 Saint-Marcel, jusqu\u2019au Val d\u2019Ayas. Elle illustre le pass\u00e9, gr\u00e2ce \u00e0 des vestiges min\u00e9raux, des produits d\u00e9riv\u00e9s et des films d\u2019\u00e9poque sur la vie et le travail des mineurs vald\u00f4tains, dont l\u2019\u00e9pop\u00e9e constitue de nos jours une m\u00e9moire collective, mais \u00e9galement une attraction touristique. <\/p>\n<\/div><\/div><\/div><div style=\"\" id=\"single-featured-element-block_7914762cfa2b4b9aaf4b1ade766fbbdf\"  class=\"ett-block single-featured-element\"><div class=\"content\"><div class=\"block-title display-4 \">6. Salle des versants<\/div><div class=\"body mt-1 mt-lg-2\"><p>Cette salle d\u00e9crit les caract\u00e9ristiques du versant expos\u00e9 au soleil (l\u2019adret) et de celui qui est situ\u00e9 \u00e0 l\u2019ombre (l\u2019envers). On y trouve aussi des explications sur la fa\u00e7on dont l\u2019exposition solaire engendre d\u2019importantes diff\u00e9rences de temp\u00e9rature ou de climat et influence les cultures, les \u00e9cosyst\u00e8mes, les esp\u00e8ces v\u00e9g\u00e9tales ou animales, ainsi que l\u2019humeur des habitants des deux versants. Diverses pistes d\u2019approfondissement vous sont \u00e9galement propos\u00e9es: sur les pr\u00e9cipitations, les temp\u00e9ratures et, surtout, les changements climatiques et les zones x\u00e9rothermiques vald\u00f4taines. <\/p>\n<\/div><\/div><\/div><div style=\"\" id=\"single-featured-element-block_2cbe68e4f8f9847fa51ef5eaa1feb365\"  class=\"ett-block single-featured-element\"><div class=\"content\"><div class=\"block-title display-4 \">7. Salle des Abb\u00e9s savants<\/div><div class=\"body mt-1 mt-lg-2\"><p>Les abb\u00e9s savants, pr\u00eatres scientifiques du XVIIIe\/XIXe si\u00e8cle anim\u00e8rent la culture de la Vall\u00e9e d\u2019Aoste et se consacr\u00e8rent \u00e0 la recherche, \u00e0 la divulgation des sciences naturelles, ainsi qu\u2019\u00e0 l\u2019\u00e9ducation des nouvelles g\u00e9n\u00e9rations. C\u2019est \u00e0 eux que l\u2019on doit la fondation de la Soci\u00e9t\u00e9 de la Flore Vald\u00f4taine et du premier mus\u00e9e de sciences naturelles, aujourd\u2019hui Mus\u00e9e r\u00e9gional de sciences naturelles Efisio Noussan. <\/p>\n<\/div><\/div><\/div><div style=\"\" id=\"single-featured-element-block_530160a5f4aa7542313eaf41f5e808de\"  class=\"ett-block single-featured-element\"><div class=\"content\"><div class=\"block-title display-4 \">8. Salle Efisio Noussan<\/div><div class=\"body mt-1 mt-lg-2\"><p>Cette salle est consacr\u00e9e \u00e0 Efisio Noussan, c\u00e9l\u00e8bre entrepreneur vald\u00f4tain f\u00e9ru de culture et passionn\u00e9 par l\u2019environnement naturel de la Vall\u00e9e d\u2019Aoste, qui \u0153uvra pour que la Soci\u00e9t\u00e9 de la Flore Vald\u00f4taine renaisse au d\u00e9but des ann\u00e9es 1970 &#8211; apr\u00e8s une interruption due \u00e0 la seconde guerre mondiale &#8211; et pour la cr\u00e9ation, en 1985, du Mus\u00e9e r\u00e9gional de sciences naturelles, qui porte aujourd\u2019hui son nom. <\/p>\n<\/div><\/div><\/div>\n<h2 class=\"wp-block-heading has-text-align-center\" style=\"margin-top:var(--wp--preset--spacing--50);margin-right:var(--wp--preset--spacing--50);margin-bottom:var(--wp--preset--spacing--50);margin-left:var(--wp--preset--spacing--50)\">Premier \u00e9tage<\/h2>\n<div style=\"\" id=\"single-featured-element-block_2aec42cdaa977f2f3a04d87d5a1eaae8\"  class=\"ett-block single-featured-element\"><div class=\"content\"><div class=\"block-title display-4 \">9 et 10. Salles de l\u2019eau<\/div><div class=\"body mt-1 mt-lg-2\"><p>Les dioramas et les reconstitutions de l\u2019environnement naturel pr\u00e9sent\u00e9s dans ces salles vous feront d\u00e9couvrir les milieux li\u00e9s \u00e0 la pr\u00e9sence de l\u2019eau, caract\u00e9ris\u00e9s par leur \u00e9quilibre d\u00e9licat et fragile : vous vivrez une exp\u00e9rience sonore et visuelle ax\u00e9e sur la force vitale de l\u2019eau en Vall\u00e9e d\u2019Aoste, du glacier \u00e0 la source de haute altitude, du lac alpin \u00e0 la cascade, de la tourbi\u00e8re au mar\u00e9cage et du torrent \u00e0 l\u2019\u00e9tang. <\/p>\n<\/div><\/div><\/div><div style=\"\" id=\"single-featured-element-block_0023e71df1f4e7727025948687bbed32\"  class=\"ett-block single-featured-element\"><div class=\"content\"><div class=\"block-title display-4 \">11. Salle de la for\u00eat<\/div><div class=\"body mt-1 mt-lg-2\"><p>Dans cette salle, vous d\u00e9couvrirez les esp\u00e8ces d\u2019arbres et les plantes monumentales de la Vall\u00e9e d\u2019Aoste, ainsi que les diff\u00e9rentes habitudes alimentaires des oiseaux et les for\u00eats de montagne. Vous pourrez faire une br\u00e8ve promenade, \u00e0 la fin du jour, et vivre une exp\u00e9rience sensorielle, entre ombres myst\u00e9rieuses, sons primordiaux, arbres et autres habitants de la for\u00eat, en \u00e9coutant le chant des oiseaux, dans une reconstitution grandeur nature. <\/p>\n<\/div><\/div><\/div><div style=\"\" id=\"single-featured-element-block_8da53e689fd78ae1154e295fa43b438f\"  class=\"ett-block single-featured-element\"><div class=\"content\"><div class=\"block-title display-4 \">12. Salle du vertige<\/div><div class=\"body mt-1 mt-lg-2\"><p>Cette salle pr\u00e9sente des milieux rocheux et l\u2019adaptation des esp\u00e8ces \u00e0 la vie \u00ab verticale \u00bb, qui inclut \u00e9galement les hommes qui conqui\u00e8rent le vide avec des ouvrages routiers, des terrassements et des villages suspendus. Les habitants des plaines et des villes ne comprennent pas que l\u2019on puisse habiter au-dessus du vide, parce que cela leur semble dangereux, mais c\u2019est une n\u00e9cessit\u00e9 pour ceux qui habitent en montagne, o\u00f9 la pente est la r\u00e8gle et les plateaux sont des exceptions. Les reproductions d\u2019animaux et de v\u00e9g\u00e9taux expos\u00e9es dans les vitrines ont \u00e9t\u00e9 r\u00e9alis\u00e9es par impression 3D.  <\/p>\n<\/div><\/div><\/div><div style=\"\" id=\"single-featured-element-block_57c75dfd1e46bf13c16a0d898452e565\"  class=\"ett-block single-featured-element\"><div class=\"content\"><div class=\"block-title display-4 \">13 et 14. Salles de la prairie<\/div><div class=\"body mt-1 mt-lg-2\"><p>Un mur vid\u00e9o vous emm\u00e8ne dans un sorte de voyage jusqu\u2019aux prairies alpines, o\u00f9 l\u2019on peut observer les changements li\u00e9s au passage du temps, qui fait bourgeonner les plantes puis faner les fleurs, garde les traces des animaux pour les effacer ensuite et attire les troupeaux et les bergers, avant de les \u00e9loigner. Verte en \u00e9t\u00e9 et blanche en hiver, la prairie marque la ritualit\u00e9 des saisons alpines.<\/p>\n<\/div><\/div><\/div><div style=\"\" id=\"single-featured-element-block_90cac226e12bdb1b3337179ce970cf25\"  class=\"ett-block single-featured-element\"><div class=\"content\"><div class=\"block-title display-4 \">15. Salle du gel<\/div><div class=\"body mt-1 mt-lg-2\"><p>Depuis deux si\u00e8cles au moins, les glaciers constituent le principal attrait touristique de la Vall\u00e9e, un laboratoire pour les recherches scientifiques, un milieu se pr\u00eatant \u00e0 l\u2019initiation \u00e0 l\u2019alpinisme, des agents de modelage du paysage, d\u2019importants indicateurs environnementaux et une r\u00e9serve d\u2019eau irrempla\u00e7able. Cette salle vous propose une interview sur la naissance de l\u2019alpinisme, des renseignements sur les glaciers et sur les effets des changements climatiques. Le glacier est une mati\u00e8re \u00ab vivante \u00bb, qui glisse vers l\u2019aval comme un torrent gel\u00e9.  <\/p>\n<\/div><\/div><\/div><div style=\"\" id=\"single-featured-element-block_1d48b2fb8b4eca902ea6a97493768275\"  class=\"ett-block single-featured-element\"><div class=\"content\"><div class=\"block-title display-4 \">16. Salle des \u00e9motions<\/div><div class=\"body mt-1 mt-lg-2\"><p>Un magnifique viret du XVIIe si\u00e8cle donne acc\u00e8s \u00e0 la derni\u00e8re salle du parcours de visite, o\u00f9 se termine l\u2019exp\u00e9rience mus\u00e9ale. Ici, des paysages spectaculaires, des images \u00e9mouvantes et des musiques symphoniques \u00e9veillent votre curiosit\u00e9, votre sens des responsabilit\u00e9s et vous invitent \u00e0 d\u00e9couvrir la nature vald\u00f4taine, directement sur le territoire. <\/p>\n<\/div><\/div><\/div>\n<div style=\"height:70px\" aria-hidden=\"true\" class=\"wp-block-spacer\"><\/div>\n\n<div class=\"wp-block-group alignfull is-style-ettblock-group has-grigio-2-background-color has-background has-global-padding is-layout-constrained wp-container-core-group-is-layout-1 wp-block-group-is-layout-constrained\" style=\"padding-top:var(--wp--preset--spacing--70);padding-right:var(--wp--preset--spacing--30);padding-bottom:var(--wp--preset--spacing--70);padding-left:var(--wp--preset--spacing--30)\">\n<h2 class=\"wp-block-heading alignwide has-text-align-center has-white-1-color has-text-color has-h-2-font-size\">Suivez-nous sur les r\u00e9seaux sociaux<\/h2>\n\n\n\n<div style=\"height:20px\" aria-hidden=\"true\" class=\"wp-block-spacer\"><\/div>\n\n\n\n<ul class=\"wp-block-social-links aligncenter has-normal-icon-size has-visible-labels has-icon-color has-icon-background-color is-style-pill-shape is-layout-flex wp-block-social-links-is-layout-flex\"><li style=\"color: #ffffff; background-color: #14806a; \" class=\"wp-social-link wp-social-link-facebook has-primary-2-background-color wp-block-social-link\"><a rel=\"noopener nofollow\" target=\"_blank\" href=\"https:\/\/www.facebook.com\/profile.php?id=100088134840756\" class=\"wp-block-social-link-anchor\"><svg width=\"24\" height=\"24\" viewBox=\"0 0 24 24\" version=\"1.1\" xmlns=\"http:\/\/www.w3.org\/2000\/svg\" aria-hidden=\"true\" focusable=\"false\"><path d=\"M12 2C6.5 2 2 6.5 2 12c0 5 3.7 9.1 8.4 9.9v-7H7.9V12h2.5V9.8c0-2.5 1.5-3.9 3.8-3.9 1.1 0 2.2.2 2.2.2v2.5h-1.3c-1.2 0-1.6.8-1.6 1.6V12h2.8l-.4 2.9h-2.3v7C18.3 21.1 22 17 22 12c0-5.5-4.5-10-10-10z\"><\/path><\/svg><span class=\"wp-block-social-link-label\">Facebook<\/span><\/a><\/li>\n\n<li style=\"color: #ffffff; background-color: #14806a; \" class=\"wp-social-link wp-social-link-instagram has-primary-2-background-color wp-block-social-link\"><a rel=\"noopener nofollow\" target=\"_blank\" href=\"https:\/\/www.instagram.com\/museoscienzevda\/\" class=\"wp-block-social-link-anchor\"><svg width=\"24\" height=\"24\" viewBox=\"0 0 24 24\" version=\"1.1\" xmlns=\"http:\/\/www.w3.org\/2000\/svg\" aria-hidden=\"true\" focusable=\"false\"><path d=\"M12,4.622c2.403,0,2.688,0.009,3.637,0.052c0.877,0.04,1.354,0.187,1.671,0.31c0.42,0.163,0.72,0.358,1.035,0.673 c0.315,0.315,0.51,0.615,0.673,1.035c0.123,0.317,0.27,0.794,0.31,1.671c0.043,0.949,0.052,1.234,0.052,3.637 s-0.009,2.688-0.052,3.637c-0.04,0.877-0.187,1.354-0.31,1.671c-0.163,0.42-0.358,0.72-0.673,1.035 c-0.315,0.315-0.615,0.51-1.035,0.673c-0.317,0.123-0.794,0.27-1.671,0.31c-0.949,0.043-1.233,0.052-3.637,0.052 s-2.688-0.009-3.637-0.052c-0.877-0.04-1.354-0.187-1.671-0.31c-0.42-0.163-0.72-0.358-1.035-0.673 c-0.315-0.315-0.51-0.615-0.673-1.035c-0.123-0.317-0.27-0.794-0.31-1.671C4.631,14.688,4.622,14.403,4.622,12 s0.009-2.688,0.052-3.637c0.04-0.877,0.187-1.354,0.31-1.671c0.163-0.42,0.358-0.72,0.673-1.035 c0.315-0.315,0.615-0.51,1.035-0.673c0.317-0.123,0.794-0.27,1.671-0.31C9.312,4.631,9.597,4.622,12,4.622 M12,3 C9.556,3,9.249,3.01,8.289,3.054C7.331,3.098,6.677,3.25,6.105,3.472C5.513,3.702,5.011,4.01,4.511,4.511 c-0.5,0.5-0.808,1.002-1.038,1.594C3.25,6.677,3.098,7.331,3.054,8.289C3.01,9.249,3,9.556,3,12c0,2.444,0.01,2.751,0.054,3.711 c0.044,0.958,0.196,1.612,0.418,2.185c0.23,0.592,0.538,1.094,1.038,1.594c0.5,0.5,1.002,0.808,1.594,1.038 c0.572,0.222,1.227,0.375,2.185,0.418C9.249,20.99,9.556,21,12,21s2.751-0.01,3.711-0.054c0.958-0.044,1.612-0.196,2.185-0.418 c0.592-0.23,1.094-0.538,1.594-1.038c0.5-0.5,0.808-1.002,1.038-1.594c0.222-0.572,0.375-1.227,0.418-2.185 C20.99,14.751,21,14.444,21,12s-0.01-2.751-0.054-3.711c-0.044-0.958-0.196-1.612-0.418-2.185c-0.23-0.592-0.538-1.094-1.038-1.594 c-0.5-0.5-1.002-0.808-1.594-1.038c-0.572-0.222-1.227-0.375-2.185-0.418C14.751,3.01,14.444,3,12,3L12,3z M12,7.378 c-2.552,0-4.622,2.069-4.622,4.622S9.448,16.622,12,16.622s4.622-2.069,4.622-4.622S14.552,7.378,12,7.378z M12,15 c-1.657,0-3-1.343-3-3s1.343-3,3-3s3,1.343,3,3S13.657,15,12,15z M16.804,6.116c-0.596,0-1.08,0.484-1.08,1.08 s0.484,1.08,1.08,1.08c0.596,0,1.08-0.484,1.08-1.08S17.401,6.116,16.804,6.116z\"><\/path><\/svg><span class=\"wp-block-social-link-label\">Instagram<\/span><\/a><\/li>\n\n<\/ul>\n<\/div>\n","protected":false},"excerpt":{"rendered":"<p>Rez-de-chauss\u00e9e Premier \u00e9tage<\/p>\n","protected":false},"author":3,"featured_media":0,"parent":0,"menu_order":0,"comment_status":"closed","ping_status":"closed","template":"","meta":{"_acf_changed":false,"footnotes":""},"class_list":["post-4041","page","type-page","status-publish","hentry"],"acf":[],"yoast_head":"<!-- This site is optimized with the Yoast SEO plugin v26.8 - https:\/\/yoast.com\/product\/yoast-seo-wordpress\/ -->\n<title>Les Salles du ch\u00e2teau - Version accessible - Museo Regionale di Scienze Naturali Efisio Noussan<\/title>\n<meta name=\"robots\" content=\"index, follow, max-snippet:-1, max-image-preview:large, max-video-preview:-1\" \/>\n<link rel=\"canonical\" href=\"https:\/\/museoscienze.vda.it\/fr\/les-salles-du-chateau-version-accessible\/\" \/>\n<meta property=\"og:locale\" content=\"fr_FR\" \/>\n<meta property=\"og:type\" content=\"article\" \/>\n<meta property=\"og:title\" content=\"Les Salles du ch\u00e2teau - Version accessible - Museo Regionale di Scienze Naturali Efisio Noussan\" \/>\n<meta property=\"og:description\" content=\"Rez-de-chauss\u00e9e Premier \u00e9tage\" \/>\n<meta property=\"og:url\" content=\"https:\/\/museoscienze.vda.it\/fr\/les-salles-du-chateau-version-accessible\/\" \/>\n<meta property=\"og:site_name\" content=\"Museo Regionale di Scienze Naturali Efisio Noussan\" \/>\n<meta property=\"article:modified_time\" content=\"2023-06-26T14:39:04+00:00\" \/>\n<meta name=\"twitter:card\" content=\"summary_large_image\" \/>\n<script type=\"application\/ld+json\" class=\"yoast-schema-graph\">{\"@context\":\"https:\/\/schema.org\",\"@graph\":[{\"@type\":\"WebPage\",\"@id\":\"https:\/\/museoscienze.vda.it\/fr\/les-salles-du-chateau-version-accessible\/\",\"url\":\"https:\/\/museoscienze.vda.it\/fr\/les-salles-du-chateau-version-accessible\/\",\"name\":\"Les Salles du ch\u00e2teau - Version accessible - Museo Regionale di Scienze Naturali Efisio Noussan\",\"isPartOf\":{\"@id\":\"https:\/\/museoscienze.vda.it\/#website\"},\"datePublished\":\"2023-06-26T14:00:00+00:00\",\"dateModified\":\"2023-06-26T14:39:04+00:00\",\"breadcrumb\":{\"@id\":\"https:\/\/museoscienze.vda.it\/fr\/les-salles-du-chateau-version-accessible\/#breadcrumb\"},\"inLanguage\":\"fr-FR\",\"potentialAction\":[{\"@type\":\"ReadAction\",\"target\":[\"https:\/\/museoscienze.vda.it\/fr\/les-salles-du-chateau-version-accessible\/\"]}]},{\"@type\":\"BreadcrumbList\",\"@id\":\"https:\/\/museoscienze.vda.it\/fr\/les-salles-du-chateau-version-accessible\/#breadcrumb\",\"itemListElement\":[{\"@type\":\"ListItem\",\"position\":1,\"name\":\"Home\",\"item\":\"https:\/\/museoscienze.vda.it\/fr\/\"},{\"@type\":\"ListItem\",\"position\":2,\"name\":\"Les Salles du ch\u00e2teau &#8211; Version accessible\"}]},{\"@type\":\"WebSite\",\"@id\":\"https:\/\/museoscienze.vda.it\/#website\",\"url\":\"https:\/\/museoscienze.vda.it\/\",\"name\":\"Museo Regionale di Scienze Naturali Efisio Noussan\",\"description\":\"\",\"publisher\":{\"@id\":\"https:\/\/museoscienze.vda.it\/#organization\"},\"potentialAction\":[{\"@type\":\"SearchAction\",\"target\":{\"@type\":\"EntryPoint\",\"urlTemplate\":\"https:\/\/museoscienze.vda.it\/?s={search_term_string}\"},\"query-input\":{\"@type\":\"PropertyValueSpecification\",\"valueRequired\":true,\"valueName\":\"search_term_string\"}}],\"inLanguage\":\"fr-FR\"},{\"@type\":\"Organization\",\"@id\":\"https:\/\/museoscienze.vda.it\/#organization\",\"name\":\"Museo Regionale di Scienze Naturali Efisio Noussan\",\"url\":\"https:\/\/museoscienze.vda.it\/\",\"logo\":{\"@type\":\"ImageObject\",\"inLanguage\":\"fr-FR\",\"@id\":\"https:\/\/museoscienze.vda.it\/#\/schema\/logo\/image\/\",\"url\":\"https:\/\/museoscienze.vda.it\/wp-content\/uploads\/2023\/09\/logo_MuseoScienzeVDA_completo_rva.png\",\"contentUrl\":\"https:\/\/museoscienze.vda.it\/wp-content\/uploads\/2023\/09\/logo_MuseoScienzeVDA_completo_rva.png\",\"width\":1692,\"height\":646,\"caption\":\"Museo Regionale di Scienze Naturali Efisio Noussan\"},\"image\":{\"@id\":\"https:\/\/museoscienze.vda.it\/#\/schema\/logo\/image\/\"}}]}<\/script>\n<!-- \/ Yoast SEO plugin. -->","yoast_head_json":{"title":"Les Salles du ch\u00e2teau - Version accessible - Museo Regionale di Scienze Naturali Efisio Noussan","robots":{"index":"index","follow":"follow","max-snippet":"max-snippet:-1","max-image-preview":"max-image-preview:large","max-video-preview":"max-video-preview:-1"},"canonical":"https:\/\/museoscienze.vda.it\/fr\/les-salles-du-chateau-version-accessible\/","og_locale":"fr_FR","og_type":"article","og_title":"Les Salles du ch\u00e2teau - Version accessible - Museo Regionale di Scienze Naturali Efisio Noussan","og_description":"Rez-de-chauss\u00e9e Premier \u00e9tage","og_url":"https:\/\/museoscienze.vda.it\/fr\/les-salles-du-chateau-version-accessible\/","og_site_name":"Museo Regionale di Scienze Naturali Efisio Noussan","article_modified_time":"2023-06-26T14:39:04+00:00","twitter_card":"summary_large_image","schema":{"@context":"https:\/\/schema.org","@graph":[{"@type":"WebPage","@id":"https:\/\/museoscienze.vda.it\/fr\/les-salles-du-chateau-version-accessible\/","url":"https:\/\/museoscienze.vda.it\/fr\/les-salles-du-chateau-version-accessible\/","name":"Les Salles du ch\u00e2teau - Version accessible - Museo Regionale di Scienze Naturali Efisio Noussan","isPartOf":{"@id":"https:\/\/museoscienze.vda.it\/#website"},"datePublished":"2023-06-26T14:00:00+00:00","dateModified":"2023-06-26T14:39:04+00:00","breadcrumb":{"@id":"https:\/\/museoscienze.vda.it\/fr\/les-salles-du-chateau-version-accessible\/#breadcrumb"},"inLanguage":"fr-FR","potentialAction":[{"@type":"ReadAction","target":["https:\/\/museoscienze.vda.it\/fr\/les-salles-du-chateau-version-accessible\/"]}]},{"@type":"BreadcrumbList","@id":"https:\/\/museoscienze.vda.it\/fr\/les-salles-du-chateau-version-accessible\/#breadcrumb","itemListElement":[{"@type":"ListItem","position":1,"name":"Home","item":"https:\/\/museoscienze.vda.it\/fr\/"},{"@type":"ListItem","position":2,"name":"Les Salles du ch\u00e2teau &#8211; Version accessible"}]},{"@type":"WebSite","@id":"https:\/\/museoscienze.vda.it\/#website","url":"https:\/\/museoscienze.vda.it\/","name":"Museo Regionale di Scienze Naturali Efisio Noussan","description":"","publisher":{"@id":"https:\/\/museoscienze.vda.it\/#organization"},"potentialAction":[{"@type":"SearchAction","target":{"@type":"EntryPoint","urlTemplate":"https:\/\/museoscienze.vda.it\/?s={search_term_string}"},"query-input":{"@type":"PropertyValueSpecification","valueRequired":true,"valueName":"search_term_string"}}],"inLanguage":"fr-FR"},{"@type":"Organization","@id":"https:\/\/museoscienze.vda.it\/#organization","name":"Museo Regionale di Scienze Naturali Efisio Noussan","url":"https:\/\/museoscienze.vda.it\/","logo":{"@type":"ImageObject","inLanguage":"fr-FR","@id":"https:\/\/museoscienze.vda.it\/#\/schema\/logo\/image\/","url":"https:\/\/museoscienze.vda.it\/wp-content\/uploads\/2023\/09\/logo_MuseoScienzeVDA_completo_rva.png","contentUrl":"https:\/\/museoscienze.vda.it\/wp-content\/uploads\/2023\/09\/logo_MuseoScienzeVDA_completo_rva.png","width":1692,"height":646,"caption":"Museo Regionale di Scienze Naturali Efisio Noussan"},"image":{"@id":"https:\/\/museoscienze.vda.it\/#\/schema\/logo\/image\/"}}]}},"_links":{"self":[{"href":"https:\/\/museoscienze.vda.it\/fr\/wp-json\/wp\/v2\/pages\/4041","targetHints":{"allow":["GET"]}}],"collection":[{"href":"https:\/\/museoscienze.vda.it\/fr\/wp-json\/wp\/v2\/pages"}],"about":[{"href":"https:\/\/museoscienze.vda.it\/fr\/wp-json\/wp\/v2\/types\/page"}],"author":[{"embeddable":true,"href":"https:\/\/museoscienze.vda.it\/fr\/wp-json\/wp\/v2\/users\/3"}],"replies":[{"embeddable":true,"href":"https:\/\/museoscienze.vda.it\/fr\/wp-json\/wp\/v2\/comments?post=4041"}],"version-history":[{"count":0,"href":"https:\/\/museoscienze.vda.it\/fr\/wp-json\/wp\/v2\/pages\/4041\/revisions"}],"wp:attachment":[{"href":"https:\/\/museoscienze.vda.it\/fr\/wp-json\/wp\/v2\/media?parent=4041"}],"curies":[{"name":"wp","href":"https:\/\/api.w.org\/{rel}","templated":true}]}}