{"id":5483,"date":"2024-01-23T14:51:46","date_gmt":"2024-01-23T13:51:46","guid":{"rendered":"https:\/\/museoscienze.vda.it\/research\/"},"modified":"2024-02-15T12:36:00","modified_gmt":"2024-02-15T11:36:00","slug":"research","status":"publish","type":"page","link":"https:\/\/museoscienze.vda.it\/en\/research\/","title":{"rendered":"Research"},"content":{"rendered":"\n<div class=\"wp-block-group alignfull has-grigio-1-background-color has-background has-global-padding is-layout-constrained wp-block-group-is-layout-constrained\" style=\"padding-top:var(--wp--preset--spacing--80);padding-bottom:var(--wp--preset--spacing--80)\">\n<div class=\"wp-block-columns alignwide is-style-ettblock-media-not-contained is-style-ettblock-columns-full is-layout-flex wp-container-core-columns-is-layout-2 wp-block-columns-is-layout-flex\" style=\"margin-top:0;margin-bottom:0\">\n<div class=\"wp-block-column is-style-ettblock-col-6 is-layout-flow wp-block-column-is-layout-flow\" style=\"padding-top:0;padding-right:var(--wp--preset--spacing--30);padding-bottom:0;padding-left:var(--wp--preset--spacing--30);flex-basis:50%\"><div style=\"\" id=\"single-featured-element-block_5fdaa3f1dc8e1e0abb0419825c0da80d\"  class=\"ett-block single-featured-element\"><div class=\"content\"><div class=\"block-title display-4 \">OPERATIONAL SITE<\/div><div class=\"occhiello mb-15\">E. Noussan Regional Natural Science Museum<\/div><div class=\"body mt-1 mt-lg-2\"><p style=\"text-align: left;\">The operational site of the Museum, active since 2016 in the municipality of La Salle, is located near the Marais regional nature reserve and special conservation area in Morgex-La Salle. Most of the museum&#8217;s activities take place in the operational site, including the conservation of the mineralogical, botanical, fauna and library collections, scientific research projects, dissemination and educational initiatives and consultation of the scientific library&#8217;s book heritage. The building extends over 1,200 m2 and houses offices, two scientific laboratories, two classrooms, a library, a consultation room, archives and collection storage.\n <\/p>\n<p style=\"text-align: left;\">The Museum laboratories are a regional technological reference platform for DNA analysis supporting services and partnerships in the naturalistic-environmental, agri-food and conservation of cultural heritage fields. The scientific research activities cover biodiversity and agro-biodiversity protection by monitoring and studying animal and plant species, the genetic background of native lactic cultures and old varieties of fruit and wine, and the fight against phytopathogens. <\/p>\n<p style=\"text-align: left;\">The Museum manages the regional plant germplasm bank for the ex-situ conservation of seeds of rare and endangered wild plants. The Museum participates in European projects and actively collaborates with local bodies in the biotechnology sector and with national and international bodies for scientific research. <\/p>\n<\/div><\/div><\/div><\/div>\n\n\n\n<div class=\"wp-block-column is-style-ettblock-col-6 is-layout-flow wp-block-column-is-layout-flow\" style=\"padding-top:0;padding-right:var(--wp--preset--spacing--30);padding-bottom:0;padding-left:var(--wp--preset--spacing--30);flex-basis:50%\">\n<figure class=\"wp-block-image size-large is-style-rounded is-style-rounded--1\"><img loading=\"lazy\" decoding=\"async\" width=\"840\" height=\"560\" src=\"https:\/\/museoscienze.vda.it\/wp-content\/uploads\/2022\/12\/sede-operativa_rid-840x560.jpg\" alt=\"E. Noussan Regional Natural Science Museum - Operational site\" class=\"wp-image-845\" srcset=\"https:\/\/museoscienze.vda.it\/wp-content\/uploads\/2022\/12\/sede-operativa_rid-840x560.jpg 840w, https:\/\/museoscienze.vda.it\/wp-content\/uploads\/2022\/12\/sede-operativa_rid-960x640.jpg 960w, https:\/\/museoscienze.vda.it\/wp-content\/uploads\/2022\/12\/sede-operativa_rid.jpg 1200w\" sizes=\"auto, (max-width: 840px) 100vw, 840px\" \/><\/figure>\n\n\n\n<div class=\"wp-block-columns are-vertically-aligned-top is-style-ettblock-columns-full is-layout-flex wp-container-core-columns-is-layout-1 wp-block-columns-is-layout-flex\">\n<div class=\"wp-block-column is-vertically-aligned-top is-style-ettblock-col-6 is-layout-flow wp-block-column-is-layout-flow\" style=\"padding-top:0;padding-right:0;padding-bottom:0;padding-left:0;flex-basis:30%\">\n<p class=\"has-text-align-center\"><strong>La Salle<\/strong><br\/>Localit\u00e0 Chez Borgne 3<br\/>11015 La Salle (AO)<\/p>\n<\/div>\n\n\n\n<div class=\"wp-block-column is-vertically-aligned-top is-style-ettblock-col-6 is-layout-flow wp-block-column-is-layout-flow\" style=\"flex-basis:70%\">\n<p>This location is not open to the public.<br\/>Access is limited to organised events or by reservation if available. Send an email to <a href=\"mailto:museoscienze@regione.vda.it\">museoscienze@regione.vda.it<\/a><\/p>\n<\/div>\n<\/div>\n<\/div>\n<\/div>\n\n\n\n<div style=\"height:40px\" aria-hidden=\"true\" class=\"wp-block-spacer\"><\/div>\n<\/div>\n\n<div class=\"wp-block-group alignfull has-global-padding is-layout-constrained wp-block-group-is-layout-constrained\" style=\"padding-top:var(--wp--preset--spacing--60);padding-bottom:var(--wp--preset--spacing--60)\">\n<div style=\"height:100px\" aria-hidden=\"true\" class=\"wp-block-spacer\"><\/div>\n\n\n\n<div class=\"wp-block-columns alignwide is-layout-flex wp-container-core-columns-is-layout-3 wp-block-columns-is-layout-flex\">\n<div class=\"wp-block-column is-layout-flow wp-block-column-is-layout-flow\" style=\"padding-right:var(--wp--preset--spacing--30);padding-left:var(--wp--preset--spacing--30)\">\n\n<\/div>\n\n\n\n<div class=\"wp-block-column is-layout-flow wp-block-column-is-layout-flow\" style=\"padding-right:var(--wp--preset--spacing--30);padding-left:var(--wp--preset--spacing--30)\"><div style=\"color: #ffffff;background-color: #6c891b;\" id=\"single-featured-element-block_0b8e28ffe5593b2d4127fa087c5beb38\"  data-hasbg=\"true\"  class=\"ett-block single-featured-element h-full\"><div class=\"content\"><div class=\"block-title display-4 \">RESEARCH ACTIVITIES<\/div><div class=\"occhiello mb-15\">Our Commitment<\/div><div class=\"body mt-1 mt-lg-2\"><p style=\"text-align: left;\">The Museum is involved in scientific research projects and focuses on scientific and technological innovations to serve nature, the environment and the mountainous region.<\/p>\n<p style=\"text-align: left;\">The operational site is equipped with biotechnology laboratories that specialise in the analysis and sequencing of DNA for the recognition of biological traces, population genetics and the identification of particularly interesting gene targets.<\/p>\n<p style=\"text-align: left;\">Numerous collaborations are underway with local authorities and national\/international research institutes.<\/p>\n<\/div><\/div><\/div><\/div>\n<\/div>\n\n\n\n<div style=\"height:100px\" aria-hidden=\"true\" class=\"wp-block-spacer\"><\/div>\n<\/div>\n\n<div class=\"wp-block-group alignfull has-grigio-1-background-color has-background has-global-padding is-layout-constrained wp-block-group-is-layout-constrained\" style=\"padding-top:var(--wp--preset--spacing--80);padding-bottom:var(--wp--preset--spacing--80)\">\n<div class=\"wp-block-columns alignwide is-layout-flex wp-container-core-columns-is-layout-4 wp-block-columns-is-layout-flex\">\n<div class=\"wp-block-column is-layout-flow wp-block-column-is-layout-flow\" style=\"padding-right:var(--wp--preset--spacing--30);padding-left:var(--wp--preset--spacing--30)\"><div style=\"\" id=\"single-featured-element-block_bd400b7d6bd6e6ee103ddf1f90535a1c\"  class=\"ett-block single-featured-element\"><div class=\"content\"><div class=\"block-title display-4 \">THE MUSEUM LIBRARY<\/div><div class=\"occhiello mb-15\"> <\/div><div class=\"body mt-1 mt-lg-2\"><p style=\"text-align: left;\"><span style=\"font-weight: 400;\">The initial nucleus of the museum library derives from the library of the Soci\u00e9t\u00e9 de la Flore Vald\u00f4taine, established in the 1970s. Following the founding of the Regional Natural Science Museum, the purchase of numerous scientific monographs relating to various fields of natural sciences also began, and the exchange and acquisition of scientific and educational journals intensified.  <\/span><\/p>\n<p style=\"text-align: left;\"><span style=\"font-weight: 400;\">The library now has over 4,000 volumes. These include naturalistic texts of both an educational and scientific nature and scientific or information periodicals published by universities, scientific and environmental associations, and Italian and foreign museums, mainly in exchange for the Revue Vald\u00f4taine d&#8217;Histoire Naturelle, published by the Soci\u00e9t\u00e9 de la Flore.<\/span><\/p>\n<p style=\"text-align: left;\"><span style=\"font-weight: 400;\">The volumes can be consulted, subject to reservation, at the operational site in La Salle. <\/span><\/p>\n<p style=\"text-align: left;\"><span style=\"font-weight: 400;\">Thanks to painstaking cataloguing and digitalisation work, the book heritage can be consulted on the digital database.<\/span><\/p>\n<\/div><div class=\"link text-center\"><a target=\"_blank\" rel=\"noreferrer\" class=\"btn btn-link\" href=\"https:\/\/bibliomuseonoussan.regione.vda.it\">Explore the Museum Library<svg aria-label=\"freccia\"  title=\"freccia\" xmlns=\"http:\/\/www.w3.org\/2000\/svg\" width=\"16\" height=\"16\" fill=\"currentColor\" class=\"bi bi-arrow-right-short\" viewBox=\"0 0 16 16\">\r\n  <path fill-rule=\"evenodd\" d=\"M4 8a.5.5 0 0 1 .5-.5h5.793L8.146 5.354a.5.5 0 1 1 .708-.708l3 3a.5.5 0 0 1 0 .708l-3 3a.5.5 0 0 1-.708-.708L10.293 8.5H4.5A.5.5 0 0 1 4 8z\"\/>\r\n<\/svg><\/a><\/div><\/div><\/div><\/div>\n\n\n\n<div class=\"wp-block-column is-layout-flow wp-block-column-is-layout-flow\" style=\"padding-right:var(--wp--preset--spacing--30);padding-left:var(--wp--preset--spacing--30)\">\n<figure class=\"wp-block-image aligncenter size-large is-style-rounded is-style-rounded--2\"><img loading=\"lazy\" decoding=\"async\" width=\"839\" height=\"560\" src=\"https:\/\/museoscienze.vda.it\/wp-content\/uploads\/2022\/12\/MuseoScienzeNaturali_77-839x560.jpg\" alt=\"\" class=\"wp-image-885\" srcset=\"https:\/\/museoscienze.vda.it\/wp-content\/uploads\/2022\/12\/MuseoScienzeNaturali_77-839x560.jpg 839w, https:\/\/museoscienze.vda.it\/wp-content\/uploads\/2022\/12\/MuseoScienzeNaturali_77-960x641.jpg 960w, https:\/\/museoscienze.vda.it\/wp-content\/uploads\/2022\/12\/MuseoScienzeNaturali_77-1280x854.jpg 1280w, https:\/\/museoscienze.vda.it\/wp-content\/uploads\/2022\/12\/MuseoScienzeNaturali_77.jpg 1500w\" sizes=\"auto, (max-width: 839px) 100vw, 839px\" \/><figcaption class=\"wp-element-caption\">The Noussan Museum Library<\/figcaption><\/figure>\n<\/div>\n<\/div>\n<\/div>\n","protected":false},"excerpt":{"rendered":"<p>La SalleLocalit\u00e0 Chez Borgne 311015 La Salle (AO) This location is not open to the public.Access is limited to organised events or by reservation if available. Send an email to museoscienze@regione.vda.it<\/p>\n","protected":false},"author":4,"featured_media":0,"parent":0,"menu_order":0,"comment_status":"closed","ping_status":"closed","template":"","meta":{"_acf_changed":false,"footnotes":""},"class_list":["post-5483","page","type-page","status-publish","hentry"],"acf":[],"yoast_head":"<!-- This site is optimized with the Yoast SEO plugin v26.8 - https:\/\/yoast.com\/product\/yoast-seo-wordpress\/ -->\n<title>Research - Museo Regionale di Scienze Naturali Efisio Noussan<\/title>\n<meta name=\"robots\" content=\"index, follow, max-snippet:-1, max-image-preview:large, max-video-preview:-1\" \/>\n<link rel=\"canonical\" href=\"https:\/\/museoscienze.vda.it\/en\/research\/\" \/>\n<meta property=\"og:locale\" content=\"en_US\" \/>\n<meta property=\"og:type\" content=\"article\" \/>\n<meta property=\"og:title\" content=\"Research - Museo Regionale di Scienze Naturali Efisio Noussan\" \/>\n<meta property=\"og:description\" content=\"La SalleLocalit\u00e0 Chez Borgne 311015 La Salle (AO) This location is not open to the public.Access is limited to organised events or by reservation if available. Send an email to museoscienze@regione.vda.it\" \/>\n<meta property=\"og:url\" content=\"https:\/\/museoscienze.vda.it\/en\/research\/\" \/>\n<meta property=\"og:site_name\" content=\"Museo Regionale di Scienze Naturali Efisio Noussan\" \/>\n<meta property=\"article:modified_time\" content=\"2024-02-15T11:36:00+00:00\" \/>\n<meta property=\"og:image\" content=\"https:\/\/museoscienze.vda.it\/wp-content\/uploads\/2022\/12\/sede-operativa_rid.jpg\" \/>\n\t<meta property=\"og:image:width\" content=\"1200\" \/>\n\t<meta property=\"og:image:height\" content=\"800\" \/>\n\t<meta property=\"og:image:type\" content=\"image\/jpeg\" \/>\n<meta name=\"twitter:card\" content=\"summary_large_image\" \/>\n<script type=\"application\/ld+json\" class=\"yoast-schema-graph\">{\"@context\":\"https:\/\/schema.org\",\"@graph\":[{\"@type\":\"WebPage\",\"@id\":\"https:\/\/museoscienze.vda.it\/en\/research\/\",\"url\":\"https:\/\/museoscienze.vda.it\/en\/research\/\",\"name\":\"Research - Museo Regionale di Scienze Naturali Efisio Noussan\",\"isPartOf\":{\"@id\":\"https:\/\/museoscienze.vda.it\/#website\"},\"primaryImageOfPage\":{\"@id\":\"https:\/\/museoscienze.vda.it\/en\/research\/#primaryimage\"},\"image\":{\"@id\":\"https:\/\/museoscienze.vda.it\/en\/research\/#primaryimage\"},\"thumbnailUrl\":\"https:\/\/museoscienze.vda.it\/wp-content\/uploads\/2022\/12\/sede-operativa_rid-840x560.jpg\",\"datePublished\":\"2024-01-23T13:51:46+00:00\",\"dateModified\":\"2024-02-15T11:36:00+00:00\",\"breadcrumb\":{\"@id\":\"https:\/\/museoscienze.vda.it\/en\/research\/#breadcrumb\"},\"inLanguage\":\"en-US\",\"potentialAction\":[{\"@type\":\"ReadAction\",\"target\":[\"https:\/\/museoscienze.vda.it\/en\/research\/\"]}]},{\"@type\":\"ImageObject\",\"inLanguage\":\"en-US\",\"@id\":\"https:\/\/museoscienze.vda.it\/en\/research\/#primaryimage\",\"url\":\"https:\/\/museoscienze.vda.it\/wp-content\/uploads\/2022\/12\/sede-operativa_rid-840x560.jpg\",\"contentUrl\":\"https:\/\/museoscienze.vda.it\/wp-content\/uploads\/2022\/12\/sede-operativa_rid-840x560.jpg\"},{\"@type\":\"BreadcrumbList\",\"@id\":\"https:\/\/museoscienze.vda.it\/en\/research\/#breadcrumb\",\"itemListElement\":[{\"@type\":\"ListItem\",\"position\":1,\"name\":\"Home\",\"item\":\"https:\/\/museoscienze.vda.it\/en\/\"},{\"@type\":\"ListItem\",\"position\":2,\"name\":\"Research\"}]},{\"@type\":\"WebSite\",\"@id\":\"https:\/\/museoscienze.vda.it\/#website\",\"url\":\"https:\/\/museoscienze.vda.it\/\",\"name\":\"Museo Regionale di Scienze Naturali Efisio Noussan\",\"description\":\"\",\"publisher\":{\"@id\":\"https:\/\/museoscienze.vda.it\/#organization\"},\"potentialAction\":[{\"@type\":\"SearchAction\",\"target\":{\"@type\":\"EntryPoint\",\"urlTemplate\":\"https:\/\/museoscienze.vda.it\/?s={search_term_string}\"},\"query-input\":{\"@type\":\"PropertyValueSpecification\",\"valueRequired\":true,\"valueName\":\"search_term_string\"}}],\"inLanguage\":\"en-US\"},{\"@type\":\"Organization\",\"@id\":\"https:\/\/museoscienze.vda.it\/#organization\",\"name\":\"Museo Regionale di Scienze Naturali Efisio Noussan\",\"url\":\"https:\/\/museoscienze.vda.it\/\",\"logo\":{\"@type\":\"ImageObject\",\"inLanguage\":\"en-US\",\"@id\":\"https:\/\/museoscienze.vda.it\/#\/schema\/logo\/image\/\",\"url\":\"https:\/\/museoscienze.vda.it\/wp-content\/uploads\/2023\/09\/logo_MuseoScienzeVDA_completo_rva.png\",\"contentUrl\":\"https:\/\/museoscienze.vda.it\/wp-content\/uploads\/2023\/09\/logo_MuseoScienzeVDA_completo_rva.png\",\"width\":1692,\"height\":646,\"caption\":\"Museo Regionale di Scienze Naturali Efisio Noussan\"},\"image\":{\"@id\":\"https:\/\/museoscienze.vda.it\/#\/schema\/logo\/image\/\"}}]}<\/script>\n<!-- \/ Yoast SEO plugin. -->","yoast_head_json":{"title":"Research - Museo Regionale di Scienze Naturali Efisio Noussan","robots":{"index":"index","follow":"follow","max-snippet":"max-snippet:-1","max-image-preview":"max-image-preview:large","max-video-preview":"max-video-preview:-1"},"canonical":"https:\/\/museoscienze.vda.it\/en\/research\/","og_locale":"en_US","og_type":"article","og_title":"Research - Museo Regionale di Scienze Naturali Efisio Noussan","og_description":"La SalleLocalit\u00e0 Chez Borgne 311015 La Salle (AO) This location is not open to the public.Access is limited to organised events or by reservation if available. Send an email to museoscienze@regione.vda.it","og_url":"https:\/\/museoscienze.vda.it\/en\/research\/","og_site_name":"Museo Regionale di Scienze Naturali Efisio Noussan","article_modified_time":"2024-02-15T11:36:00+00:00","og_image":[{"width":1200,"height":800,"url":"https:\/\/museoscienze.vda.it\/wp-content\/uploads\/2022\/12\/sede-operativa_rid.jpg","type":"image\/jpeg"}],"twitter_card":"summary_large_image","schema":{"@context":"https:\/\/schema.org","@graph":[{"@type":"WebPage","@id":"https:\/\/museoscienze.vda.it\/en\/research\/","url":"https:\/\/museoscienze.vda.it\/en\/research\/","name":"Research - Museo Regionale di Scienze Naturali Efisio Noussan","isPartOf":{"@id":"https:\/\/museoscienze.vda.it\/#website"},"primaryImageOfPage":{"@id":"https:\/\/museoscienze.vda.it\/en\/research\/#primaryimage"},"image":{"@id":"https:\/\/museoscienze.vda.it\/en\/research\/#primaryimage"},"thumbnailUrl":"https:\/\/museoscienze.vda.it\/wp-content\/uploads\/2022\/12\/sede-operativa_rid-840x560.jpg","datePublished":"2024-01-23T13:51:46+00:00","dateModified":"2024-02-15T11:36:00+00:00","breadcrumb":{"@id":"https:\/\/museoscienze.vda.it\/en\/research\/#breadcrumb"},"inLanguage":"en-US","potentialAction":[{"@type":"ReadAction","target":["https:\/\/museoscienze.vda.it\/en\/research\/"]}]},{"@type":"ImageObject","inLanguage":"en-US","@id":"https:\/\/museoscienze.vda.it\/en\/research\/#primaryimage","url":"https:\/\/museoscienze.vda.it\/wp-content\/uploads\/2022\/12\/sede-operativa_rid-840x560.jpg","contentUrl":"https:\/\/museoscienze.vda.it\/wp-content\/uploads\/2022\/12\/sede-operativa_rid-840x560.jpg"},{"@type":"BreadcrumbList","@id":"https:\/\/museoscienze.vda.it\/en\/research\/#breadcrumb","itemListElement":[{"@type":"ListItem","position":1,"name":"Home","item":"https:\/\/museoscienze.vda.it\/en\/"},{"@type":"ListItem","position":2,"name":"Research"}]},{"@type":"WebSite","@id":"https:\/\/museoscienze.vda.it\/#website","url":"https:\/\/museoscienze.vda.it\/","name":"Museo Regionale di Scienze Naturali Efisio Noussan","description":"","publisher":{"@id":"https:\/\/museoscienze.vda.it\/#organization"},"potentialAction":[{"@type":"SearchAction","target":{"@type":"EntryPoint","urlTemplate":"https:\/\/museoscienze.vda.it\/?s={search_term_string}"},"query-input":{"@type":"PropertyValueSpecification","valueRequired":true,"valueName":"search_term_string"}}],"inLanguage":"en-US"},{"@type":"Organization","@id":"https:\/\/museoscienze.vda.it\/#organization","name":"Museo Regionale di Scienze Naturali Efisio Noussan","url":"https:\/\/museoscienze.vda.it\/","logo":{"@type":"ImageObject","inLanguage":"en-US","@id":"https:\/\/museoscienze.vda.it\/#\/schema\/logo\/image\/","url":"https:\/\/museoscienze.vda.it\/wp-content\/uploads\/2023\/09\/logo_MuseoScienzeVDA_completo_rva.png","contentUrl":"https:\/\/museoscienze.vda.it\/wp-content\/uploads\/2023\/09\/logo_MuseoScienzeVDA_completo_rva.png","width":1692,"height":646,"caption":"Museo Regionale di Scienze Naturali Efisio Noussan"},"image":{"@id":"https:\/\/museoscienze.vda.it\/#\/schema\/logo\/image\/"}}]}},"_links":{"self":[{"href":"https:\/\/museoscienze.vda.it\/en\/wp-json\/wp\/v2\/pages\/5483","targetHints":{"allow":["GET"]}}],"collection":[{"href":"https:\/\/museoscienze.vda.it\/en\/wp-json\/wp\/v2\/pages"}],"about":[{"href":"https:\/\/museoscienze.vda.it\/en\/wp-json\/wp\/v2\/types\/page"}],"author":[{"embeddable":true,"href":"https:\/\/museoscienze.vda.it\/en\/wp-json\/wp\/v2\/users\/4"}],"replies":[{"embeddable":true,"href":"https:\/\/museoscienze.vda.it\/en\/wp-json\/wp\/v2\/comments?post=5483"}],"version-history":[{"count":1,"href":"https:\/\/museoscienze.vda.it\/en\/wp-json\/wp\/v2\/pages\/5483\/revisions"}],"predecessor-version":[{"id":5484,"href":"https:\/\/museoscienze.vda.it\/en\/wp-json\/wp\/v2\/pages\/5483\/revisions\/5484"}],"wp:attachment":[{"href":"https:\/\/museoscienze.vda.it\/en\/wp-json\/wp\/v2\/media?parent=5483"}],"curies":[{"name":"wp","href":"https:\/\/api.w.org\/{rel}","templated":true}]}}