{"id":4037,"date":"2023-06-26T16:00:00","date_gmt":"2023-06-26T14:00:00","guid":{"rendered":"https:\/\/museoscienze.vda.it\/the-castle-rooms-accessible-version\/"},"modified":"2023-06-26T16:28:39","modified_gmt":"2023-06-26T14:28:39","slug":"the-castle-rooms-accessible-version","status":"publish","type":"page","link":"https:\/\/museoscienze.vda.it\/en\/the-castle-rooms-accessible-version\/","title":{"rendered":"The Castle Rooms &#8211; Accessible version"},"content":{"rendered":"\n<h2 class=\"wp-block-heading has-text-align-center\" style=\"margin-top:var(--wp--preset--spacing--50);margin-right:var(--wp--preset--spacing--50);margin-bottom:var(--wp--preset--spacing--50);margin-left:var(--wp--preset--spacing--50)\">Ground Floor<\/h2>\n<div style=\"\" id=\"single-featured-element-block_d7d0d22fa3ae5fe1206a447af4b46b7d\"  class=\"ett-block single-featured-element\"><div class=\"content\"><div class=\"block-title display-4 \">1. The Coats of Arms Room<\/div><div class=\"body mt-1 mt-lg-2\"><p>The room is dedicated to the castle\u2019s history, archaeological excavations and the coats of arms of the Aosta Valley noble families. It is decorated in the neo-Gothic style, as may be seen by the pews and stalls, the tall chairs and the tables decorated with motifs depicting the coats of arms of the lords of Saint-Pierre. A modern multimedia touch station gives further information. The room has undergone significant structural work and conservative restoration.<\/p>\n<\/div><\/div><\/div><div style=\"\" id=\"single-featured-element-block_530e0d758fd67be497c02674e3700b74\"  class=\"ett-block single-featured-element\"><div class=\"content\"><div class=\"block-title display-4 \">2. The Room of Differences<\/div><div class=\"body mt-1 mt-lg-2\"><p>The differences illustrated here are those that characterise the mountain environment at various altitudes. From the vineyards and olive groves of the lower valley, the terrain rises to the glacial environs of Mont Blanc. It tells of great biodiversity in the Aosta Valley, as may be seen from the many animal and plant species living in an area of a few kilometres, and by the many protected parks, nature reserves, Natura 2000 sites and alpine botanical gardens. <\/p>\n<\/div><\/div><\/div><div style=\"\" id=\"single-featured-element-block_221ad80f8fe286b43af27e7891828953\"  class=\"ett-block single-featured-element\"><div class=\"content\"><div class=\"block-title display-4 \">3. The Room of Time<\/div><div class=\"body mt-1 mt-lg-2\"><p>This is the heart of the castle, with its neo-Gothic style, decorations, wooden floor with two-tone squares and wrought-iron chandeliers. It takes visitors to a nineteenth-century museum, with historic showcases in the exhibition style of the time and full of exhibits. A video reveals the activities carried out in the museum&#8217;s operational site, such as the conservation of collections, dissemination and scientific research. Modern biotechnologies help with biodiversity protection.  <\/p>\n<\/div><\/div><\/div><div style=\"\" id=\"single-featured-element-block_69498ac0747c4656bc1b17c3d959e88d\"  class=\"ett-block single-featured-element\"><div class=\"content\"><div class=\"block-title display-4 \">4. The Room of Rocks<\/div><div class=\"body mt-1 mt-lg-2\"><p>The beauty and character of mountains depend on what they are made of. This room offers an in-depth look at the geology of the Aosta Valley thanks to giant photos of the mountains. The soaring lines of the Matterhorn and the dolomitic shapes of the Cime Bianche are shown, together with geological and soil maps, virtual interviews and the rocks of the Alps, among which are Mont Blanc granite and Gran Paradiso gneiss. <\/p>\n<\/div><\/div><\/div><div style=\"\" id=\"single-featured-element-block_01cb5f6a1e501d3775f48a76c92f0169\"  class=\"ett-block single-featured-element\"><div class=\"content\"><div class=\"block-title display-4 \">5. The Room of Mines<\/div><div class=\"occhiello mb-15\">-1 Basement floor<\/div><div class=\"body mt-1 mt-lg-2\"><p>The small basement room brings visitors closer to the region\u2019s antique mining tradition, ranging from the famous Cogne mines to the lateral valleys from La Thuile to Saint-Marcel and on to the Ayas Valley. It recounts the past through mineral finds, by-products and films from the period that portray moments of the life and work of Aosta Valley miners. This epic story is now a memorial and tourist attraction. <\/p>\n<\/div><\/div><\/div><div style=\"\" id=\"single-featured-element-block_bc40f30da6cfa8ed72f9095269659803\"  class=\"ett-block single-featured-element\"><div class=\"content\"><div class=\"block-title display-4 \">6. Room of the Mountain Slopes<\/div><div class=\"body mt-1 mt-lg-2\"><p>In this room, we see how slopes exposed to the sun (l&#8217;adret) and those in the shade (l&#8217;envers) create differences in temperature and climate. This influences crops, ecosystems, plant and animal species and the mood of inhabitants. There are various insights into themes of rainfall and temperatures, with a focus on climate change and the hot and dry xerothermic areas of the Aosta Valley. <\/p>\n<\/div><\/div><\/div><div style=\"\" id=\"single-featured-element-block_4026e740c0eee68332349f396b33dd2e\"  class=\"ett-block single-featured-element\"><div class=\"content\"><div class=\"block-title display-4 \">7. Room of the Learned Abbots<\/div><div class=\"body mt-1 mt-lg-2\"><p>The Abb\u00e9s savants (learned abbots) of the nineteenth and twentieth centuries animated the culture of the Aosta Valley. They were dedicated to the study, research, the dissemination of natural sciences, and the education of new generations. They founded the Societ\u00e9 de la Flore Vald\u00f4taine and the first natural science museum that is, today, the Efisio Noussan Regional Natural Science Museum. <\/p>\n<\/div><\/div><\/div><div style=\"\" id=\"single-featured-element-block_47f3a54c12502760ef13c7095bd7680a\"  class=\"ett-block single-featured-element\"><div class=\"content\"><div class=\"block-title display-4 \">8. The Efisio Noussan Room<\/div><div class=\"body mt-1 mt-lg-2\"><p>This room is dedicated to Efisio Noussan, a well-known local entrepreneur and a passionate connoisseur of the culture and natural environment of the Aosta Valley. Thanks to his tenacity, the Soci\u00e9t\u00e9 de la Flore Vald\u00f4taine, which had interrupted its activities in the Second World War, reopened in the early 1970s. The Regional Natural Science Museum was established in 1985 and today bears his name. <\/p>\n<\/div><\/div><\/div>\n<h2 class=\"wp-block-heading has-text-align-center\" style=\"margin-top:var(--wp--preset--spacing--50);margin-right:var(--wp--preset--spacing--50);margin-bottom:var(--wp--preset--spacing--50);margin-left:var(--wp--preset--spacing--50)\">First Floor<\/h2>\n<div style=\"\" id=\"single-featured-element-block_6bf3f5ae7c70120ff6796ae57f6ed22a\"  class=\"ett-block single-featured-element\"><div class=\"content\"><div class=\"block-title display-4 \">9 and 10. The Water Room<\/div><div class=\"body mt-1 mt-lg-2\"><p>Using dioramas and naturalistic reconstructions, the two rooms take visitors into settings linked to the presence of water and their delicately balanced character. A visual and sound experience shows the vital force of water in the Valle d&#8217;Aosta, going from the glacier to the high-altitude spring, the alpine lake, the waterfall, peat bog, marsh, stream and pond. <\/p>\n<\/div><\/div><\/div><div style=\"\" id=\"single-featured-element-block_4256a2b4c17e70aa66a2de837cfbe429\"  class=\"ett-block single-featured-element\"><div class=\"content\"><div class=\"block-title display-4 \">11. The Forest Room<\/div><div class=\"body mt-1 mt-lg-2\"><p>This is where visitors discover Aosta Valley tree species and monumental plants, the various eating habits of birds, and the mountain forest environment. A short night walk, at the start of a new day, offers a sensory experience comprising mysterious shadows, primordial sounds, trees, birdsong and forest inhabitants, all in a life-size setting. <\/p>\n<\/div><\/div><\/div><div style=\"\" id=\"single-featured-element-block_3dd40f0dc8fa0fac81f86a9bfeed4b15\"  class=\"ett-block single-featured-element\"><div class=\"content\"><div class=\"block-title display-4 \">12. The Vertigo Room<\/div><div class=\"body mt-1 mt-lg-2\"><p>A reproduction of rocky environments that shows how species adapt to &#8220;vertical&#8221; life. This includes man, who masters the void with infrastructures, terraces and suspended villages. The inhabitants of plains and cities cannot comprehend that someone can inhabit the void as it seems so dangerous. However, for those who live in the mountains, where slopes are the rule and plains are the exception, it is necessary. Several 3D-printed animal and plant reproductions are exhibited in the display cases.  <\/p>\n<\/div><\/div><\/div><div style=\"\" id=\"single-featured-element-block_25b0ebc47f48ece9e513594f34d6e9ca\"  class=\"ett-block single-featured-element\"><div class=\"content\"><div class=\"block-title display-4 \">13 and 14. The Meadow Room<\/div><div class=\"body mt-1 mt-lg-2\"><p>A video wall offers a kind of journey up to the Alpine meadows, to see the changes caused by the passage of time. Flowers sprout and wither, the traces of animals are retained and erased, and herds, flocks and shepherds come and go. Green in summer and white in winter, the meadow marks the passing of the Alpine seasons.<\/p>\n<\/div><\/div><\/div><div style=\"\" id=\"single-featured-element-block_0fb59d25f9a7c54e52697e79bbecaf8b\"  class=\"ett-block single-featured-element\"><div class=\"content\"><div class=\"block-title display-4 \">15. The Ice Room<\/div><div class=\"body mt-1 mt-lg-2\"><p>For at least two hundred years, the glaciers have been the main tourist attraction of the Valley. They are a laboratory of scientific discoveries, a climbing gym, landscape modellers, important environmental indicators and an irreplaceable water reserve. The room shows visitors a video interview on the birth of alpine mountaineering, information on glaciers and the effects of climate change. The glacier is &#8220;living&#8221; material that slips down to the valley in a freezing stream.  <\/p>\n<\/div><\/div><\/div><div style=\"\" id=\"single-featured-element-block_5480476ad0b3c99cc8192a9acdd96a44\"  class=\"ett-block single-featured-element\"><div class=\"content\"><div class=\"block-title display-4 \">16. The Room of Emotions<\/div><div class=\"body mt-1 mt-lg-2\"><p>In the last room, the magnificent seventeenth-century viret concludes the visit itinerary and the museum experience. Spectacular panoramas, engaging images and symphonic music offer an immersive and emotional experience, arousing interest and curiosity and leading to the discovery, with greater awareness, of local Aosta Valley nature. <\/p>\n<\/div><\/div><\/div>\n<div style=\"height:70px\" aria-hidden=\"true\" class=\"wp-block-spacer\"><\/div>\n\n<div class=\"wp-block-group alignfull is-style-ettblock-group has-grigio-2-background-color has-background has-global-padding is-layout-constrained wp-container-core-group-is-layout-1 wp-block-group-is-layout-constrained\" style=\"padding-top:var(--wp--preset--spacing--70);padding-right:var(--wp--preset--spacing--30);padding-bottom:var(--wp--preset--spacing--70);padding-left:var(--wp--preset--spacing--30)\">\n<h2 class=\"wp-block-heading alignwide has-text-align-center has-white-1-color has-text-color has-h-2-font-size\">Follow us on our social media channels<\/h2>\n\n\n\n<div style=\"height:20px\" aria-hidden=\"true\" class=\"wp-block-spacer\"><\/div>\n\n\n\n<ul class=\"wp-block-social-links aligncenter has-normal-icon-size has-visible-labels has-icon-color has-icon-background-color is-style-pill-shape is-layout-flex wp-block-social-links-is-layout-flex\"><li style=\"color: #ffffff; background-color: #14806a; \" class=\"wp-social-link wp-social-link-facebook has-primary-2-background-color wp-block-social-link\"><a rel=\"noopener nofollow\" target=\"_blank\" href=\"https:\/\/www.facebook.com\/profile.php?id=100088134840756\" class=\"wp-block-social-link-anchor\"><svg width=\"24\" height=\"24\" viewBox=\"0 0 24 24\" version=\"1.1\" xmlns=\"http:\/\/www.w3.org\/2000\/svg\" aria-hidden=\"true\" focusable=\"false\"><path d=\"M12 2C6.5 2 2 6.5 2 12c0 5 3.7 9.1 8.4 9.9v-7H7.9V12h2.5V9.8c0-2.5 1.5-3.9 3.8-3.9 1.1 0 2.2.2 2.2.2v2.5h-1.3c-1.2 0-1.6.8-1.6 1.6V12h2.8l-.4 2.9h-2.3v7C18.3 21.1 22 17 22 12c0-5.5-4.5-10-10-10z\"><\/path><\/svg><span class=\"wp-block-social-link-label\">Facebook<\/span><\/a><\/li>\n\n<li style=\"color: #ffffff; background-color: #14806a; \" class=\"wp-social-link wp-social-link-instagram has-primary-2-background-color wp-block-social-link\"><a rel=\"noopener nofollow\" target=\"_blank\" href=\"https:\/\/www.instagram.com\/museoscienzevda\/\" class=\"wp-block-social-link-anchor\"><svg width=\"24\" height=\"24\" viewBox=\"0 0 24 24\" version=\"1.1\" xmlns=\"http:\/\/www.w3.org\/2000\/svg\" aria-hidden=\"true\" focusable=\"false\"><path d=\"M12,4.622c2.403,0,2.688,0.009,3.637,0.052c0.877,0.04,1.354,0.187,1.671,0.31c0.42,0.163,0.72,0.358,1.035,0.673 c0.315,0.315,0.51,0.615,0.673,1.035c0.123,0.317,0.27,0.794,0.31,1.671c0.043,0.949,0.052,1.234,0.052,3.637 s-0.009,2.688-0.052,3.637c-0.04,0.877-0.187,1.354-0.31,1.671c-0.163,0.42-0.358,0.72-0.673,1.035 c-0.315,0.315-0.615,0.51-1.035,0.673c-0.317,0.123-0.794,0.27-1.671,0.31c-0.949,0.043-1.233,0.052-3.637,0.052 s-2.688-0.009-3.637-0.052c-0.877-0.04-1.354-0.187-1.671-0.31c-0.42-0.163-0.72-0.358-1.035-0.673 c-0.315-0.315-0.51-0.615-0.673-1.035c-0.123-0.317-0.27-0.794-0.31-1.671C4.631,14.688,4.622,14.403,4.622,12 s0.009-2.688,0.052-3.637c0.04-0.877,0.187-1.354,0.31-1.671c0.163-0.42,0.358-0.72,0.673-1.035 c0.315-0.315,0.615-0.51,1.035-0.673c0.317-0.123,0.794-0.27,1.671-0.31C9.312,4.631,9.597,4.622,12,4.622 M12,3 C9.556,3,9.249,3.01,8.289,3.054C7.331,3.098,6.677,3.25,6.105,3.472C5.513,3.702,5.011,4.01,4.511,4.511 c-0.5,0.5-0.808,1.002-1.038,1.594C3.25,6.677,3.098,7.331,3.054,8.289C3.01,9.249,3,9.556,3,12c0,2.444,0.01,2.751,0.054,3.711 c0.044,0.958,0.196,1.612,0.418,2.185c0.23,0.592,0.538,1.094,1.038,1.594c0.5,0.5,1.002,0.808,1.594,1.038 c0.572,0.222,1.227,0.375,2.185,0.418C9.249,20.99,9.556,21,12,21s2.751-0.01,3.711-0.054c0.958-0.044,1.612-0.196,2.185-0.418 c0.592-0.23,1.094-0.538,1.594-1.038c0.5-0.5,0.808-1.002,1.038-1.594c0.222-0.572,0.375-1.227,0.418-2.185 C20.99,14.751,21,14.444,21,12s-0.01-2.751-0.054-3.711c-0.044-0.958-0.196-1.612-0.418-2.185c-0.23-0.592-0.538-1.094-1.038-1.594 c-0.5-0.5-1.002-0.808-1.594-1.038c-0.572-0.222-1.227-0.375-2.185-0.418C14.751,3.01,14.444,3,12,3L12,3z M12,7.378 c-2.552,0-4.622,2.069-4.622,4.622S9.448,16.622,12,16.622s4.622-2.069,4.622-4.622S14.552,7.378,12,7.378z M12,15 c-1.657,0-3-1.343-3-3s1.343-3,3-3s3,1.343,3,3S13.657,15,12,15z M16.804,6.116c-0.596,0-1.08,0.484-1.08,1.08 s0.484,1.08,1.08,1.08c0.596,0,1.08-0.484,1.08-1.08S17.401,6.116,16.804,6.116z\"><\/path><\/svg><span class=\"wp-block-social-link-label\">Instagram<\/span><\/a><\/li>\n\n<\/ul>\n<\/div>\n","protected":false},"excerpt":{"rendered":"<p>Ground Floor First Floor<\/p>\n","protected":false},"author":3,"featured_media":0,"parent":0,"menu_order":0,"comment_status":"closed","ping_status":"closed","template":"","meta":{"_acf_changed":false,"footnotes":""},"class_list":["post-4037","page","type-page","status-publish","hentry"],"acf":[],"yoast_head":"<!-- This site is optimized with the Yoast SEO plugin v26.8 - https:\/\/yoast.com\/product\/yoast-seo-wordpress\/ -->\n<title>The Castle Rooms - Accessible version - Museo Regionale di Scienze Naturali Efisio Noussan<\/title>\n<meta name=\"robots\" content=\"index, follow, max-snippet:-1, max-image-preview:large, max-video-preview:-1\" \/>\n<link rel=\"canonical\" href=\"https:\/\/museoscienze.vda.it\/en\/the-castle-rooms-accessible-version\/\" \/>\n<meta property=\"og:locale\" content=\"en_US\" \/>\n<meta property=\"og:type\" content=\"article\" \/>\n<meta property=\"og:title\" content=\"The Castle Rooms - Accessible version - Museo Regionale di Scienze Naturali Efisio Noussan\" \/>\n<meta property=\"og:description\" content=\"Ground Floor First Floor\" \/>\n<meta property=\"og:url\" content=\"https:\/\/museoscienze.vda.it\/en\/the-castle-rooms-accessible-version\/\" \/>\n<meta property=\"og:site_name\" content=\"Museo Regionale di Scienze Naturali Efisio Noussan\" \/>\n<meta property=\"article:modified_time\" content=\"2023-06-26T14:28:39+00:00\" \/>\n<meta name=\"twitter:card\" content=\"summary_large_image\" \/>\n<script type=\"application\/ld+json\" class=\"yoast-schema-graph\">{\"@context\":\"https:\/\/schema.org\",\"@graph\":[{\"@type\":\"WebPage\",\"@id\":\"https:\/\/museoscienze.vda.it\/en\/the-castle-rooms-accessible-version\/\",\"url\":\"https:\/\/museoscienze.vda.it\/en\/the-castle-rooms-accessible-version\/\",\"name\":\"The Castle Rooms - Accessible version - Museo Regionale di Scienze Naturali Efisio Noussan\",\"isPartOf\":{\"@id\":\"https:\/\/museoscienze.vda.it\/#website\"},\"datePublished\":\"2023-06-26T14:00:00+00:00\",\"dateModified\":\"2023-06-26T14:28:39+00:00\",\"breadcrumb\":{\"@id\":\"https:\/\/museoscienze.vda.it\/en\/the-castle-rooms-accessible-version\/#breadcrumb\"},\"inLanguage\":\"en-US\",\"potentialAction\":[{\"@type\":\"ReadAction\",\"target\":[\"https:\/\/museoscienze.vda.it\/en\/the-castle-rooms-accessible-version\/\"]}]},{\"@type\":\"BreadcrumbList\",\"@id\":\"https:\/\/museoscienze.vda.it\/en\/the-castle-rooms-accessible-version\/#breadcrumb\",\"itemListElement\":[{\"@type\":\"ListItem\",\"position\":1,\"name\":\"Home\",\"item\":\"https:\/\/museoscienze.vda.it\/en\/\"},{\"@type\":\"ListItem\",\"position\":2,\"name\":\"The Castle Rooms &#8211; Accessible version\"}]},{\"@type\":\"WebSite\",\"@id\":\"https:\/\/museoscienze.vda.it\/#website\",\"url\":\"https:\/\/museoscienze.vda.it\/\",\"name\":\"Museo Regionale di Scienze Naturali Efisio Noussan\",\"description\":\"\",\"publisher\":{\"@id\":\"https:\/\/museoscienze.vda.it\/#organization\"},\"potentialAction\":[{\"@type\":\"SearchAction\",\"target\":{\"@type\":\"EntryPoint\",\"urlTemplate\":\"https:\/\/museoscienze.vda.it\/?s={search_term_string}\"},\"query-input\":{\"@type\":\"PropertyValueSpecification\",\"valueRequired\":true,\"valueName\":\"search_term_string\"}}],\"inLanguage\":\"en-US\"},{\"@type\":\"Organization\",\"@id\":\"https:\/\/museoscienze.vda.it\/#organization\",\"name\":\"Museo Regionale di Scienze Naturali Efisio Noussan\",\"url\":\"https:\/\/museoscienze.vda.it\/\",\"logo\":{\"@type\":\"ImageObject\",\"inLanguage\":\"en-US\",\"@id\":\"https:\/\/museoscienze.vda.it\/#\/schema\/logo\/image\/\",\"url\":\"https:\/\/museoscienze.vda.it\/wp-content\/uploads\/2023\/09\/logo_MuseoScienzeVDA_completo_rva.png\",\"contentUrl\":\"https:\/\/museoscienze.vda.it\/wp-content\/uploads\/2023\/09\/logo_MuseoScienzeVDA_completo_rva.png\",\"width\":1692,\"height\":646,\"caption\":\"Museo Regionale di Scienze Naturali Efisio Noussan\"},\"image\":{\"@id\":\"https:\/\/museoscienze.vda.it\/#\/schema\/logo\/image\/\"}}]}<\/script>\n<!-- \/ Yoast SEO plugin. -->","yoast_head_json":{"title":"The Castle Rooms - Accessible version - Museo Regionale di Scienze Naturali Efisio Noussan","robots":{"index":"index","follow":"follow","max-snippet":"max-snippet:-1","max-image-preview":"max-image-preview:large","max-video-preview":"max-video-preview:-1"},"canonical":"https:\/\/museoscienze.vda.it\/en\/the-castle-rooms-accessible-version\/","og_locale":"en_US","og_type":"article","og_title":"The Castle Rooms - Accessible version - Museo Regionale di Scienze Naturali Efisio Noussan","og_description":"Ground Floor First Floor","og_url":"https:\/\/museoscienze.vda.it\/en\/the-castle-rooms-accessible-version\/","og_site_name":"Museo Regionale di Scienze Naturali Efisio Noussan","article_modified_time":"2023-06-26T14:28:39+00:00","twitter_card":"summary_large_image","schema":{"@context":"https:\/\/schema.org","@graph":[{"@type":"WebPage","@id":"https:\/\/museoscienze.vda.it\/en\/the-castle-rooms-accessible-version\/","url":"https:\/\/museoscienze.vda.it\/en\/the-castle-rooms-accessible-version\/","name":"The Castle Rooms - Accessible version - Museo Regionale di Scienze Naturali Efisio Noussan","isPartOf":{"@id":"https:\/\/museoscienze.vda.it\/#website"},"datePublished":"2023-06-26T14:00:00+00:00","dateModified":"2023-06-26T14:28:39+00:00","breadcrumb":{"@id":"https:\/\/museoscienze.vda.it\/en\/the-castle-rooms-accessible-version\/#breadcrumb"},"inLanguage":"en-US","potentialAction":[{"@type":"ReadAction","target":["https:\/\/museoscienze.vda.it\/en\/the-castle-rooms-accessible-version\/"]}]},{"@type":"BreadcrumbList","@id":"https:\/\/museoscienze.vda.it\/en\/the-castle-rooms-accessible-version\/#breadcrumb","itemListElement":[{"@type":"ListItem","position":1,"name":"Home","item":"https:\/\/museoscienze.vda.it\/en\/"},{"@type":"ListItem","position":2,"name":"The Castle Rooms &#8211; Accessible version"}]},{"@type":"WebSite","@id":"https:\/\/museoscienze.vda.it\/#website","url":"https:\/\/museoscienze.vda.it\/","name":"Museo Regionale di Scienze Naturali Efisio Noussan","description":"","publisher":{"@id":"https:\/\/museoscienze.vda.it\/#organization"},"potentialAction":[{"@type":"SearchAction","target":{"@type":"EntryPoint","urlTemplate":"https:\/\/museoscienze.vda.it\/?s={search_term_string}"},"query-input":{"@type":"PropertyValueSpecification","valueRequired":true,"valueName":"search_term_string"}}],"inLanguage":"en-US"},{"@type":"Organization","@id":"https:\/\/museoscienze.vda.it\/#organization","name":"Museo Regionale di Scienze Naturali Efisio Noussan","url":"https:\/\/museoscienze.vda.it\/","logo":{"@type":"ImageObject","inLanguage":"en-US","@id":"https:\/\/museoscienze.vda.it\/#\/schema\/logo\/image\/","url":"https:\/\/museoscienze.vda.it\/wp-content\/uploads\/2023\/09\/logo_MuseoScienzeVDA_completo_rva.png","contentUrl":"https:\/\/museoscienze.vda.it\/wp-content\/uploads\/2023\/09\/logo_MuseoScienzeVDA_completo_rva.png","width":1692,"height":646,"caption":"Museo Regionale di Scienze Naturali Efisio Noussan"},"image":{"@id":"https:\/\/museoscienze.vda.it\/#\/schema\/logo\/image\/"}}]}},"_links":{"self":[{"href":"https:\/\/museoscienze.vda.it\/en\/wp-json\/wp\/v2\/pages\/4037","targetHints":{"allow":["GET"]}}],"collection":[{"href":"https:\/\/museoscienze.vda.it\/en\/wp-json\/wp\/v2\/pages"}],"about":[{"href":"https:\/\/museoscienze.vda.it\/en\/wp-json\/wp\/v2\/types\/page"}],"author":[{"embeddable":true,"href":"https:\/\/museoscienze.vda.it\/en\/wp-json\/wp\/v2\/users\/3"}],"replies":[{"embeddable":true,"href":"https:\/\/museoscienze.vda.it\/en\/wp-json\/wp\/v2\/comments?post=4037"}],"version-history":[{"count":0,"href":"https:\/\/museoscienze.vda.it\/en\/wp-json\/wp\/v2\/pages\/4037\/revisions"}],"wp:attachment":[{"href":"https:\/\/museoscienze.vda.it\/en\/wp-json\/wp\/v2\/media?parent=4037"}],"curies":[{"name":"wp","href":"https:\/\/api.w.org\/{rel}","templated":true}]}}