{"id":2024,"date":"2023-03-16T18:12:24","date_gmt":"2023-03-16T17:12:24","guid":{"rendered":"https:\/\/museoscienze.vda.it\/contatti-strutture-e-personale\/"},"modified":"2024-06-26T16:30:01","modified_gmt":"2024-06-26T14:30:01","slug":"contatti-strutture-e-personale","status":"publish","type":"page","link":"https:\/\/museoscienze.vda.it\/en\/contatti-strutture-e-personale\/","title":{"rendered":"Contacts, Accommodations, Staff"},"content":{"rendered":"\n<div class=\"wp-block-group is-content-justification-center is-layout-flex wp-container-core-group-is-layout-2 wp-block-group-is-layout-flex\" style=\"margin-top:var(--wp--preset--spacing--30);margin-bottom:var(--wp--preset--spacing--30)\">\n<div class=\"wp-block-group wp-container-content-1 is-layout-flow wp-block-group-is-layout-flow\"><div style=\"\" id=\"single-featured-element-block_0f0171a74137bb5a1e312de754cda4b3\"  class=\"ett-block single-featured-element\"><div class=\"content\"><div class=\"block-title display-4 \">Exhibition site &#8211; Regional Natural Science Museum E. Noussan &#8211; Ticket office <\/div><div class=\"body mt-1 mt-lg-2\"><p><strong>Location<\/strong><br \/>\nSaint-Pierre Castle<br \/>\nLocalit\u00e0 T\u00e2che, 5<br \/>\n11010 Saint-Pierre (AO)<\/p>\n<p><strong>Contact<\/strong><br \/>\n+39 0165 95931<\/p>\n<\/div><\/div><\/div><\/div>\n<\/div>\n\n\n\n<div class=\"wp-block-group is-content-justification-center is-layout-flex wp-container-core-group-is-layout-4 wp-block-group-is-layout-flex\" style=\"margin-top:var(--wp--preset--spacing--30);margin-bottom:var(--wp--preset--spacing--30)\">\n<div class=\"wp-block-group wp-container-content-2 has-global-padding is-layout-constrained wp-block-group-is-layout-constrained\"><div style=\"\" id=\"single-featured-element-block_5be4ec208ccb8a47efc55d53f7e7561b\"  class=\"ett-block single-featured-element\"><div class=\"content\"><div class=\"block-title display-4 \">Operational site &#8211; Regional Natural Science Museum E. Noussan<\/div><div class=\"occhiello mb-15\">Offices, laboratories and library<\/div><div class=\"body mt-1 mt-lg-2\"><p><strong>Location<\/strong><br \/>\nOperational site<br \/>\nFrazione Chez Borgne, 3<br \/>\n11015 La Salle (AO)<\/p>\n<p><strong>Contact<\/strong><br \/>\nmuseoscienze@regione.vda.it | +39 0165 862500<\/p>\n<\/div><\/div><\/div><\/div>\n<\/div>\n\n\n\n<div class=\"wp-block-group is-content-justification-center is-layout-flex wp-container-core-group-is-layout-6 wp-block-group-is-layout-flex\" style=\"margin-top:var(--wp--preset--spacing--30);margin-bottom:var(--wp--preset--spacing--30)\">\n<div class=\"wp-block-group wp-container-content-3 has-global-padding is-layout-constrained wp-block-group-is-layout-constrained\"><div style=\"\" id=\"single-featured-element-block_d81b8f44a26621b7e4bdde3b4ee26165\"  class=\"ett-block single-featured-element\"><div class=\"content\"><div class=\"block-title display-4 \">Aosta Valley Autonomous Region &#8211; Department of Public Works, Territory and Biodiversity Environment Organisation, Sustainability and Protected Nature Reserves<\/div><div class=\"body mt-1 mt-lg-2\"><p><strong>Location<\/strong><br \/>\nLocalit\u00e0 Le Grand Chemin, 46<br \/>\n11020 Saint-Christophe (AO)<\/p>\n<p><strong>Contact<\/strong><br \/>\nsegreteriaap@regione.vda.it<br \/>\n+39 0165 272171<br \/>\n+39 0165 272174<\/p>\n<\/div><\/div><\/div><\/div>\n<\/div>\n\n\n\n<div class=\"wp-block-group is-content-justification-center is-layout-flex wp-container-core-group-is-layout-8 wp-block-group-is-layout-flex\" style=\"margin-top:var(--wp--preset--spacing--30);margin-bottom:var(--wp--preset--spacing--30)\">\n<div class=\"wp-block-group wp-container-content-4 has-global-padding is-layout-constrained wp-block-group-is-layout-constrained\"><div style=\"\" id=\"single-featured-element-block_bee3821e0f02a0d6bd27a28c5921c508\"  class=\"ett-block single-featured-element\"><div class=\"content\"><div class=\"block-title display-4 \">Team &#8211; Regional Natural Science Museum E. Noussan<\/div><div class=\"body mt-1 mt-lg-2\"><p>Santa Tutino \u2013 Museum Director, official of the Biodiversity, Sustainability and Protected Natural Areas Structure<br \/>\nBotti Velca \u2013 Technical instructor, biologist<br \/>\nGuglielmo Fabio \u2013 Technical instructor, biologist<br \/>\nNavillod Francine Val\u00e9rie \u2013 Technical instructor, biologist<br \/>\nFerr\u00e9 Valentina \u2013 Administrative assistant<br \/>\nLombard Valery \u2013 Administrative<\/p>\n<\/div><\/div><\/div><\/div>\n<\/div>\n\n\n\n<div class=\"wp-block-group is-content-justification-center is-layout-flex wp-container-core-group-is-layout-10 wp-block-group-is-layout-flex\" style=\"margin-top:var(--wp--preset--spacing--30);margin-bottom:var(--wp--preset--spacing--30)\">\n<div class=\"wp-block-group wp-container-content-5 has-global-padding is-layout-constrained wp-block-group-is-layout-constrained\"><div style=\"\" id=\"single-featured-element-block_92fb478060b40cf99f8b5059a328b89d\"  class=\"ett-block single-featured-element\"><div class=\"content\"><div class=\"block-title display-4 \">The scientific committee &#8211; Regional Natural Science Museum E. Noussan<\/div><div class=\"body mt-1 mt-lg-2\"><p>The Museum scientific committee is established under art. 3 of regional law 12\/2015 and is renewed every 5 years. It gives guidelines on scientific activity, collection conservation and exhibits, promoting collaboration with scientific institutes or universities with similar aims.<br \/>\nTutino Santa \u2013 Museum Director<br \/>\nBovio Maurizio \u2013 Representative of the Soci\u00e9t\u00e9 de la Flore Vald\u00f4taine<br \/>\nCastello Paolo \u2013 Representative of the Soci\u00e9t\u00e9 de la Flore Vald\u00f4taine<br \/>\nPasserin d&#8217;Entr\u00e8ves Pietro \u2013 Representative of the Soci\u00e9t\u00e9 de la Flore Vald\u00f4taine<br \/>\nPoggio Laura \u2013 Representative of the Gran Paradiso National Park<br \/>\nStellin Daniele \u2013 Director of the Mont Avic Natural Park<\/p>\n<\/div><\/div><\/div><\/div>\n<\/div>\n\n\n\n<div class=\"wp-block-group is-content-justification-center is-layout-flex wp-container-core-group-is-layout-12 wp-block-group-is-layout-flex\" style=\"padding-top:var(--wp--preset--spacing--30);padding-bottom:var(--wp--preset--spacing--30)\">\n<div class=\"wp-block-group wp-container-content-6 has-global-padding is-layout-constrained wp-block-group-is-layout-constrained\"><div style=\"\" id=\"single-featured-element-block_42301f7067951f9fb99a12e6fc27413b\"  class=\"ett-block single-featured-element\"><div class=\"content\"><div class=\"block-title display-4 \">Exhibition site ticket office<\/div><div class=\"body mt-1 mt-lg-2\"><p>Societ\u00e0 di servizi Valle d\u2019Aosta S.p.A. &#8211; Soci\u00e9t\u00e9 de services Vall\u00e9e d\u2019Aoste S.p.A.<br \/>\nPhone reservations: +39 0165 95931<\/p>\n<\/div><div class=\"link text-center\"><a target=\"_blank\" rel=\"noreferrer\" class=\"btn btn-link\" href=\"https:\/\/ticket.midaticket.it\/museoscienzevda\/Event\/14\/Dates\">Online reservations<svg aria-label=\"freccia\"  title=\"freccia\" xmlns=\"http:\/\/www.w3.org\/2000\/svg\" width=\"16\" height=\"16\" fill=\"currentColor\" class=\"bi bi-arrow-right-short\" viewBox=\"0 0 16 16\">\r\n  <path fill-rule=\"evenodd\" d=\"M4 8a.5.5 0 0 1 .5-.5h5.793L8.146 5.354a.5.5 0 1 1 .708-.708l3 3a.5.5 0 0 1 0 .708l-3 3a.5.5 0 0 1-.708-.708L10.293 8.5H4.5A.5.5 0 0 1 4 8z\"\/>\r\n<\/svg><\/a><\/div><\/div><\/div><\/div>\n<\/div>\n\n\n\n<div style=\"height:50px\" aria-hidden=\"true\" class=\"wp-block-spacer\"><\/div>\n\n\n\n<h4 class=\"wp-block-heading has-text-align-center has-grigio-1-background-color has-background\">Further information and general conditions are available on the <a href=\"https:\/\/museoscienze.vda.it\/en\/the-visit\/\" data-type=\"page\" data-id=\"314\"><strong>VISIT<\/strong><\/a> page<\/h4>\n\n\n\n<div style=\"height:50px\" aria-hidden=\"true\" class=\"wp-block-spacer\"><\/div>\n\n\n\n<div class=\"wp-block-group alignfull is-style-ettblock-group has-grigio-2-background-color has-background has-global-padding is-layout-constrained wp-container-core-group-is-layout-13 wp-block-group-is-layout-constrained\" style=\"padding-top:var(--wp--preset--spacing--70);padding-right:var(--wp--preset--spacing--30);padding-bottom:var(--wp--preset--spacing--70);padding-left:var(--wp--preset--spacing--30)\">\n<h2 class=\"wp-block-heading alignwide has-text-align-center has-white-1-color has-text-color has-h-2-font-size\">Follow us on our social media channels<\/h2>\n\n\n\n<div style=\"height:20px\" aria-hidden=\"true\" class=\"wp-block-spacer\"><\/div>\n\n\n\n<ul class=\"wp-block-social-links aligncenter has-normal-icon-size has-visible-labels has-icon-color has-icon-background-color is-style-pill-shape is-layout-flex wp-block-social-links-is-layout-flex\"><li style=\"color: #ffffff; background-color: #14806a; \" class=\"wp-social-link wp-social-link-facebook has-primary-2-background-color wp-block-social-link\"><a rel=\"noopener nofollow\" target=\"_blank\" href=\"https:\/\/www.facebook.com\/profile.php?id=100088134840756\" class=\"wp-block-social-link-anchor\"><svg width=\"24\" height=\"24\" viewBox=\"0 0 24 24\" version=\"1.1\" xmlns=\"http:\/\/www.w3.org\/2000\/svg\" aria-hidden=\"true\" focusable=\"false\"><path d=\"M12 2C6.5 2 2 6.5 2 12c0 5 3.7 9.1 8.4 9.9v-7H7.9V12h2.5V9.8c0-2.5 1.5-3.9 3.8-3.9 1.1 0 2.2.2 2.2.2v2.5h-1.3c-1.2 0-1.6.8-1.6 1.6V12h2.8l-.4 2.9h-2.3v7C18.3 21.1 22 17 22 12c0-5.5-4.5-10-10-10z\"><\/path><\/svg><span class=\"wp-block-social-link-label\">Facebook<\/span><\/a><\/li>\n\n<li style=\"color: #ffffff; background-color: #14806a; \" class=\"wp-social-link wp-social-link-instagram has-primary-2-background-color wp-block-social-link\"><a rel=\"noopener nofollow\" target=\"_blank\" href=\"https:\/\/www.instagram.com\/museoscienzevda\/\" class=\"wp-block-social-link-anchor\"><svg width=\"24\" height=\"24\" viewBox=\"0 0 24 24\" version=\"1.1\" xmlns=\"http:\/\/www.w3.org\/2000\/svg\" aria-hidden=\"true\" focusable=\"false\"><path d=\"M12,4.622c2.403,0,2.688,0.009,3.637,0.052c0.877,0.04,1.354,0.187,1.671,0.31c0.42,0.163,0.72,0.358,1.035,0.673 c0.315,0.315,0.51,0.615,0.673,1.035c0.123,0.317,0.27,0.794,0.31,1.671c0.043,0.949,0.052,1.234,0.052,3.637 s-0.009,2.688-0.052,3.637c-0.04,0.877-0.187,1.354-0.31,1.671c-0.163,0.42-0.358,0.72-0.673,1.035 c-0.315,0.315-0.615,0.51-1.035,0.673c-0.317,0.123-0.794,0.27-1.671,0.31c-0.949,0.043-1.233,0.052-3.637,0.052 s-2.688-0.009-3.637-0.052c-0.877-0.04-1.354-0.187-1.671-0.31c-0.42-0.163-0.72-0.358-1.035-0.673 c-0.315-0.315-0.51-0.615-0.673-1.035c-0.123-0.317-0.27-0.794-0.31-1.671C4.631,14.688,4.622,14.403,4.622,12 s0.009-2.688,0.052-3.637c0.04-0.877,0.187-1.354,0.31-1.671c0.163-0.42,0.358-0.72,0.673-1.035 c0.315-0.315,0.615-0.51,1.035-0.673c0.317-0.123,0.794-0.27,1.671-0.31C9.312,4.631,9.597,4.622,12,4.622 M12,3 C9.556,3,9.249,3.01,8.289,3.054C7.331,3.098,6.677,3.25,6.105,3.472C5.513,3.702,5.011,4.01,4.511,4.511 c-0.5,0.5-0.808,1.002-1.038,1.594C3.25,6.677,3.098,7.331,3.054,8.289C3.01,9.249,3,9.556,3,12c0,2.444,0.01,2.751,0.054,3.711 c0.044,0.958,0.196,1.612,0.418,2.185c0.23,0.592,0.538,1.094,1.038,1.594c0.5,0.5,1.002,0.808,1.594,1.038 c0.572,0.222,1.227,0.375,2.185,0.418C9.249,20.99,9.556,21,12,21s2.751-0.01,3.711-0.054c0.958-0.044,1.612-0.196,2.185-0.418 c0.592-0.23,1.094-0.538,1.594-1.038c0.5-0.5,0.808-1.002,1.038-1.594c0.222-0.572,0.375-1.227,0.418-2.185 C20.99,14.751,21,14.444,21,12s-0.01-2.751-0.054-3.711c-0.044-0.958-0.196-1.612-0.418-2.185c-0.23-0.592-0.538-1.094-1.038-1.594 c-0.5-0.5-1.002-0.808-1.594-1.038c-0.572-0.222-1.227-0.375-2.185-0.418C14.751,3.01,14.444,3,12,3L12,3z M12,7.378 c-2.552,0-4.622,2.069-4.622,4.622S9.448,16.622,12,16.622s4.622-2.069,4.622-4.622S14.552,7.378,12,7.378z M12,15 c-1.657,0-3-1.343-3-3s1.343-3,3-3s3,1.343,3,3S13.657,15,12,15z M16.804,6.116c-0.596,0-1.08,0.484-1.08,1.08 s0.484,1.08,1.08,1.08c0.596,0,1.08-0.484,1.08-1.08S17.401,6.116,16.804,6.116z\"><\/path><\/svg><span class=\"wp-block-social-link-label\">Instagram<\/span><\/a><\/li>\n\n<\/ul>\n<\/div>\n","protected":false},"excerpt":{"rendered":"<p>Further information and general conditions are available on the VISIT page<\/p>\n","protected":false},"author":3,"featured_media":0,"parent":0,"menu_order":0,"comment_status":"closed","ping_status":"closed","template":"","meta":{"_acf_changed":false,"footnotes":""},"class_list":["post-2024","page","type-page","status-publish","hentry"],"acf":[],"yoast_head":"<!-- This site is optimized with the Yoast SEO plugin v26.8 - https:\/\/yoast.com\/product\/yoast-seo-wordpress\/ -->\n<title>Contacts, Accommodations, Staff - Museo Regionale di Scienze Naturali Efisio Noussan<\/title>\n<meta name=\"robots\" content=\"index, follow, max-snippet:-1, max-image-preview:large, max-video-preview:-1\" \/>\n<link rel=\"canonical\" href=\"https:\/\/museoscienze.vda.it\/en\/contatti-strutture-e-personale\/\" \/>\n<meta property=\"og:locale\" content=\"en_US\" \/>\n<meta property=\"og:type\" content=\"article\" \/>\n<meta property=\"og:title\" content=\"Contacts, Accommodations, Staff - Museo Regionale di Scienze Naturali Efisio Noussan\" \/>\n<meta property=\"og:description\" content=\"Further information and general conditions are available on the VISIT page\" \/>\n<meta property=\"og:url\" content=\"https:\/\/museoscienze.vda.it\/en\/contatti-strutture-e-personale\/\" \/>\n<meta property=\"og:site_name\" content=\"Museo Regionale di Scienze Naturali Efisio Noussan\" \/>\n<meta property=\"article:modified_time\" content=\"2024-06-26T14:30:01+00:00\" \/>\n<meta name=\"twitter:card\" content=\"summary_large_image\" \/>\n<script type=\"application\/ld+json\" class=\"yoast-schema-graph\">{\"@context\":\"https:\/\/schema.org\",\"@graph\":[{\"@type\":\"WebPage\",\"@id\":\"https:\/\/museoscienze.vda.it\/en\/contatti-strutture-e-personale\/\",\"url\":\"https:\/\/museoscienze.vda.it\/en\/contatti-strutture-e-personale\/\",\"name\":\"Contacts, Accommodations, Staff - Museo Regionale di Scienze Naturali Efisio Noussan\",\"isPartOf\":{\"@id\":\"https:\/\/museoscienze.vda.it\/#website\"},\"datePublished\":\"2023-03-16T17:12:24+00:00\",\"dateModified\":\"2024-06-26T14:30:01+00:00\",\"breadcrumb\":{\"@id\":\"https:\/\/museoscienze.vda.it\/en\/contatti-strutture-e-personale\/#breadcrumb\"},\"inLanguage\":\"en-US\",\"potentialAction\":[{\"@type\":\"ReadAction\",\"target\":[\"https:\/\/museoscienze.vda.it\/en\/contatti-strutture-e-personale\/\"]}]},{\"@type\":\"BreadcrumbList\",\"@id\":\"https:\/\/museoscienze.vda.it\/en\/contatti-strutture-e-personale\/#breadcrumb\",\"itemListElement\":[{\"@type\":\"ListItem\",\"position\":1,\"name\":\"Home\",\"item\":\"https:\/\/museoscienze.vda.it\/en\/\"},{\"@type\":\"ListItem\",\"position\":2,\"name\":\"Contacts, Accommodations, Staff\"}]},{\"@type\":\"WebSite\",\"@id\":\"https:\/\/museoscienze.vda.it\/#website\",\"url\":\"https:\/\/museoscienze.vda.it\/\",\"name\":\"Museo Regionale di Scienze Naturali Efisio Noussan\",\"description\":\"\",\"publisher\":{\"@id\":\"https:\/\/museoscienze.vda.it\/#organization\"},\"potentialAction\":[{\"@type\":\"SearchAction\",\"target\":{\"@type\":\"EntryPoint\",\"urlTemplate\":\"https:\/\/museoscienze.vda.it\/?s={search_term_string}\"},\"query-input\":{\"@type\":\"PropertyValueSpecification\",\"valueRequired\":true,\"valueName\":\"search_term_string\"}}],\"inLanguage\":\"en-US\"},{\"@type\":\"Organization\",\"@id\":\"https:\/\/museoscienze.vda.it\/#organization\",\"name\":\"Museo Regionale di Scienze Naturali Efisio Noussan\",\"url\":\"https:\/\/museoscienze.vda.it\/\",\"logo\":{\"@type\":\"ImageObject\",\"inLanguage\":\"en-US\",\"@id\":\"https:\/\/museoscienze.vda.it\/#\/schema\/logo\/image\/\",\"url\":\"https:\/\/museoscienze.vda.it\/wp-content\/uploads\/2023\/09\/logo_MuseoScienzeVDA_completo_rva.png\",\"contentUrl\":\"https:\/\/museoscienze.vda.it\/wp-content\/uploads\/2023\/09\/logo_MuseoScienzeVDA_completo_rva.png\",\"width\":1692,\"height\":646,\"caption\":\"Museo Regionale di Scienze Naturali Efisio Noussan\"},\"image\":{\"@id\":\"https:\/\/museoscienze.vda.it\/#\/schema\/logo\/image\/\"}}]}<\/script>\n<!-- \/ Yoast SEO plugin. -->","yoast_head_json":{"title":"Contacts, Accommodations, Staff - Museo Regionale di Scienze Naturali Efisio Noussan","robots":{"index":"index","follow":"follow","max-snippet":"max-snippet:-1","max-image-preview":"max-image-preview:large","max-video-preview":"max-video-preview:-1"},"canonical":"https:\/\/museoscienze.vda.it\/en\/contatti-strutture-e-personale\/","og_locale":"en_US","og_type":"article","og_title":"Contacts, Accommodations, Staff - Museo Regionale di Scienze Naturali Efisio Noussan","og_description":"Further information and general conditions are available on the VISIT page","og_url":"https:\/\/museoscienze.vda.it\/en\/contatti-strutture-e-personale\/","og_site_name":"Museo Regionale di Scienze Naturali Efisio Noussan","article_modified_time":"2024-06-26T14:30:01+00:00","twitter_card":"summary_large_image","schema":{"@context":"https:\/\/schema.org","@graph":[{"@type":"WebPage","@id":"https:\/\/museoscienze.vda.it\/en\/contatti-strutture-e-personale\/","url":"https:\/\/museoscienze.vda.it\/en\/contatti-strutture-e-personale\/","name":"Contacts, Accommodations, Staff - Museo Regionale di Scienze Naturali Efisio Noussan","isPartOf":{"@id":"https:\/\/museoscienze.vda.it\/#website"},"datePublished":"2023-03-16T17:12:24+00:00","dateModified":"2024-06-26T14:30:01+00:00","breadcrumb":{"@id":"https:\/\/museoscienze.vda.it\/en\/contatti-strutture-e-personale\/#breadcrumb"},"inLanguage":"en-US","potentialAction":[{"@type":"ReadAction","target":["https:\/\/museoscienze.vda.it\/en\/contatti-strutture-e-personale\/"]}]},{"@type":"BreadcrumbList","@id":"https:\/\/museoscienze.vda.it\/en\/contatti-strutture-e-personale\/#breadcrumb","itemListElement":[{"@type":"ListItem","position":1,"name":"Home","item":"https:\/\/museoscienze.vda.it\/en\/"},{"@type":"ListItem","position":2,"name":"Contacts, Accommodations, Staff"}]},{"@type":"WebSite","@id":"https:\/\/museoscienze.vda.it\/#website","url":"https:\/\/museoscienze.vda.it\/","name":"Museo Regionale di Scienze Naturali Efisio Noussan","description":"","publisher":{"@id":"https:\/\/museoscienze.vda.it\/#organization"},"potentialAction":[{"@type":"SearchAction","target":{"@type":"EntryPoint","urlTemplate":"https:\/\/museoscienze.vda.it\/?s={search_term_string}"},"query-input":{"@type":"PropertyValueSpecification","valueRequired":true,"valueName":"search_term_string"}}],"inLanguage":"en-US"},{"@type":"Organization","@id":"https:\/\/museoscienze.vda.it\/#organization","name":"Museo Regionale di Scienze Naturali Efisio Noussan","url":"https:\/\/museoscienze.vda.it\/","logo":{"@type":"ImageObject","inLanguage":"en-US","@id":"https:\/\/museoscienze.vda.it\/#\/schema\/logo\/image\/","url":"https:\/\/museoscienze.vda.it\/wp-content\/uploads\/2023\/09\/logo_MuseoScienzeVDA_completo_rva.png","contentUrl":"https:\/\/museoscienze.vda.it\/wp-content\/uploads\/2023\/09\/logo_MuseoScienzeVDA_completo_rva.png","width":1692,"height":646,"caption":"Museo Regionale di Scienze Naturali Efisio Noussan"},"image":{"@id":"https:\/\/museoscienze.vda.it\/#\/schema\/logo\/image\/"}}]}},"_links":{"self":[{"href":"https:\/\/museoscienze.vda.it\/en\/wp-json\/wp\/v2\/pages\/2024","targetHints":{"allow":["GET"]}}],"collection":[{"href":"https:\/\/museoscienze.vda.it\/en\/wp-json\/wp\/v2\/pages"}],"about":[{"href":"https:\/\/museoscienze.vda.it\/en\/wp-json\/wp\/v2\/types\/page"}],"author":[{"embeddable":true,"href":"https:\/\/museoscienze.vda.it\/en\/wp-json\/wp\/v2\/users\/3"}],"replies":[{"embeddable":true,"href":"https:\/\/museoscienze.vda.it\/en\/wp-json\/wp\/v2\/comments?post=2024"}],"version-history":[{"count":1,"href":"https:\/\/museoscienze.vda.it\/en\/wp-json\/wp\/v2\/pages\/2024\/revisions"}],"predecessor-version":[{"id":79181,"href":"https:\/\/museoscienze.vda.it\/en\/wp-json\/wp\/v2\/pages\/2024\/revisions\/79181"}],"wp:attachment":[{"href":"https:\/\/museoscienze.vda.it\/en\/wp-json\/wp\/v2\/media?parent=2024"}],"curies":[{"name":"wp","href":"https:\/\/api.w.org\/{rel}","templated":true}]}}